{"id":10013,"date":"2022-05-23T20:45:49","date_gmt":"2022-05-23T18:45:49","guid":{"rendered":"https:\/\/mv-balgach.ch\/?page_id=10013"},"modified":"2023-06-04T21:33:06","modified_gmt":"2023-06-04T19:33:06","slug":"kreismusiktage-2022","status":"publish","type":"page","link":"https:\/\/mv-balgach.ch\/?page_id=10013","title":{"rendered":"Kreismusiktage 2022"},"content":{"rendered":"\nngg_shortcode_0_placeholder\n\n\n\n<p>Vom 20.-22. Mai 2022 fanden die diesj\u00e4hrigen Kreismusiktage in Au statt. Es war das erste Mal seit 3 Jahren, dass das beliebte Rheintaler Musikfest wieder normal stattfinden konnte. Die Musikantinnen und Musikanten des Musikvereins Balgach stellten sich am Samstag der Wettkampfjury in der Konzertmusik und am Sonntag nahmen sie am Wettbewerb in der Parademusik teil.<br><br>Die Verantwortlichen des MVB hatten sich bei der Konzertmusik f\u00fcr das sehr anspruchsvollen St\u00fcck \u201eForgotten World\u201c von Kevin Houben entschieden. Mit Beginn des Jahres wurde unter der Leitung des Dirigenten Michael Schl\u00e4pfer die Probenarbeit f\u00fcr das Wettbewerbsst\u00fcck gestartet, anfangs noch unter gewissen coronabedingten Einschr\u00e4nkungen und somit unter erschwerten Bedingungen. Seit Ende Februar konnte zum Gl\u00fcck wieder im normalen Rahmen geprobt werden. In unz\u00e4hligen Gesamt-, Register- und Einzelproben verinnerlichte jeder Musikant des MVB seine Noten und es wurde immer wieder an Details gearbeitet. Am Samstagnachmittag waren die Balger Musiker mit dem Wettspiel an der Reihe. Neben der grossen Freude \u00fcber das Ereignis und den Wettbewerb kam bei so manchem Musikant eine geh\u00f6rige Portion Aufregung und Lampenfieber dazu, trotzdem gelang die Pr\u00e4sentation des St\u00fcckes recht gut. Die Jury bewertete den Vortrag mit 82&nbsp; Punkten und damit belegte der MVB in der dritten St\u00e4rkeklasse Harmonie den sehr guten 3. Platz.<br><br>Neben den Proben f\u00fcr das Wettst\u00fcck in der Konzertmusik probten die Musikanten seit Ende M\u00e4rz f\u00fcr die Parademusik. Bei bestem Wetter und strahlendem Sonnenschein durfte der MVB am Sonntag der Jury das Ergebnis dieser Proben mit dem Marsch \u201eArosa\u201c pr\u00e4sentieren. 86.33 Punkte vergaben die 3 Juroren an die Balger und dies bedeutete am Ende den hervorragenden 6. Platz in der Parademusik. Bis sp\u00e4t am Abend feierten die Musikanten aus Balgach ihr sehr gutes Abschneiden an den Kreismusiktagen in Au.<\/p>\n","protected":false},"excerpt":{"rendered":"<p>Vom 20.-22. Mai 2022 fanden die diesj\u00e4hrigen Kreismusiktage in Au statt. Es war das erste Mal seit 3 Jahren, dass das beliebte Rheintaler Musikfest wieder normal stattfinden konnte. Die Musikantinnen und Musikanten des Musikvereins Balgach stellten sich am Samstag der Wettkampfjury in der Konzertmusik und am Sonntag nahmen sie am Wettbewerb in der Parademusik teil. &hellip; <a href=\"https:\/\/mv-balgach.ch\/?page_id=10013\" class=\"more-link\"><span class=\"screen-reader-text\">Kreismusiktage 2022<\/span> weiterlesen <span class=\"meta-nav\">&rarr;<\/span><\/a><\/p>\n","protected":false},"author":1,"featured_media":10047,"parent":10435,"menu_order":66,"comment_status":"closed","ping_status":"closed","template":"","meta":{"ngg_post_thumbnail":0,"footnotes":""},"class_list":["post-10013","page","type-page","status-publish","has-post-thumbnail","hentry"],"_links":{"self":[{"href":"https:\/\/mv-balgach.ch\/index.php?rest_route=\/wp\/v2\/pages\/10013","targetHints":{"allow":["GET"]}}],"collection":[{"href":"https:\/\/mv-balgach.ch\/index.php?rest_route=\/wp\/v2\/pages"}],"about":[{"href":"https:\/\/mv-balgach.ch\/index.php?rest_route=\/wp\/v2\/types\/page"}],"author":[{"embeddable":true,"href":"https:\/\/mv-balgach.ch\/index.php?rest_route=\/wp\/v2\/users\/1"}],"replies":[{"embeddable":true,"href":"https:\/\/mv-balgach.ch\/index.php?rest_route=%2Fwp%2Fv2%2Fcomments&post=10013"}],"version-history":[{"count":3,"href":"https:\/\/mv-balgach.ch\/index.php?rest_route=\/wp\/v2\/pages\/10013\/revisions"}],"predecessor-version":[{"id":10086,"href":"https:\/\/mv-balgach.ch\/index.php?rest_route=\/wp\/v2\/pages\/10013\/revisions\/10086"}],"up":[{"embeddable":true,"href":"https:\/\/mv-balgach.ch\/index.php?rest_route=\/wp\/v2\/pages\/10435"}],"wp:featuredmedia":[{"embeddable":true,"href":"https:\/\/mv-balgach.ch\/index.php?rest_route=\/wp\/v2\/media\/10047"}],"wp:attachment":[{"href":"https:\/\/mv-balgach.ch\/index.php?rest_route=%2Fwp%2Fv2%2Fmedia&parent=10013"}],"curies":[{"name":"wp","href":"https:\/\/api.w.org\/{rel}","templated":true}]}}