{"id":10117,"date":"2022-07-06T17:23:53","date_gmt":"2022-07-06T15:23:53","guid":{"rendered":"https:\/\/mv-balgach.ch\/?page_id=10117"},"modified":"2022-07-06T17:30:06","modified_gmt":"2022-07-06T15:30:06","slug":"kilbi-2021","status":"publish","type":"page","link":"https:\/\/mv-balgach.ch\/?page_id=10117","title":{"rendered":"Kilbifest 2021"},"content":{"rendered":"\nngg_shortcode_0_placeholder\n\n\n\n<p>Am Sonntag 04.07.2021 fand die Balger Kilbi statt. Auf Grund der Lockerungen ab Ende Juni konnte der Musikverein Balgach ein gr\u00f6sseres Areal als urspr\u00fcnglich geplant nutzen und Tische und B\u00e4nke aufstellen. Diese M\u00f6glichkeit zum gem\u00fctlichen Verweilen mit der ganzen Familie sowie zu Gespr\u00e4chen mit Nachbarn oder guten Freunden wurde von den Kilbig\u00e4sten erfreut angenommen. Dabei konnten sie bei anfangs sehr gutem Wetter die feinen Speisen und Getr\u00e4nke geniessen und der Musik vom Band lauschen. Obwohl es ab dem fr\u00fchen Nachmittag immer mal wieder regnete, liessen sich die Besucher nicht abschrecken und zeitweise kamen die Musikanten kaum nach beim Zubereiten von Pommes Frites, Nuggets und Zack Zack. Der MVB freut sich \u00fcber diese sehr gute Resonanz sowie auf eine in normalem Umfang stattfindende Kilbi im kommenden Jahr.<\/p>\n","protected":false},"excerpt":{"rendered":"<p>Am Sonntag 04.07.2021 fand die Balger Kilbi statt. Auf Grund der Lockerungen ab Ende Juni konnte der Musikverein Balgach ein gr\u00f6sseres Areal als urspr\u00fcnglich geplant nutzen und Tische und B\u00e4nke aufstellen. Diese M\u00f6glichkeit zum gem\u00fctlichen Verweilen mit der ganzen Familie sowie zu Gespr\u00e4chen mit Nachbarn oder guten Freunden wurde von den Kilbig\u00e4sten erfreut angenommen. Dabei &hellip; <a href=\"https:\/\/mv-balgach.ch\/?page_id=10117\" class=\"more-link\"><span class=\"screen-reader-text\">Kilbifest 2021<\/span> weiterlesen <span class=\"meta-nav\">&rarr;<\/span><\/a><\/p>\n","protected":false},"author":1,"featured_media":9700,"parent":7948,"menu_order":3,"comment_status":"closed","ping_status":"closed","template":"","meta":{"ngg_post_thumbnail":0,"footnotes":""},"class_list":["post-10117","page","type-page","status-publish","has-post-thumbnail","hentry"],"_links":{"self":[{"href":"https:\/\/mv-balgach.ch\/index.php?rest_route=\/wp\/v2\/pages\/10117","targetHints":{"allow":["GET"]}}],"collection":[{"href":"https:\/\/mv-balgach.ch\/index.php?rest_route=\/wp\/v2\/pages"}],"about":[{"href":"https:\/\/mv-balgach.ch\/index.php?rest_route=\/wp\/v2\/types\/page"}],"author":[{"embeddable":true,"href":"https:\/\/mv-balgach.ch\/index.php?rest_route=\/wp\/v2\/users\/1"}],"replies":[{"embeddable":true,"href":"https:\/\/mv-balgach.ch\/index.php?rest_route=%2Fwp%2Fv2%2Fcomments&post=10117"}],"version-history":[{"count":3,"href":"https:\/\/mv-balgach.ch\/index.php?rest_route=\/wp\/v2\/pages\/10117\/revisions"}],"predecessor-version":[{"id":10124,"href":"https:\/\/mv-balgach.ch\/index.php?rest_route=\/wp\/v2\/pages\/10117\/revisions\/10124"}],"up":[{"embeddable":true,"href":"https:\/\/mv-balgach.ch\/index.php?rest_route=\/wp\/v2\/pages\/7948"}],"wp:featuredmedia":[{"embeddable":true,"href":"https:\/\/mv-balgach.ch\/index.php?rest_route=\/wp\/v2\/media\/9700"}],"wp:attachment":[{"href":"https:\/\/mv-balgach.ch\/index.php?rest_route=%2Fwp%2Fv2%2Fmedia&parent=10117"}],"curies":[{"name":"wp","href":"https:\/\/api.w.org\/{rel}","templated":true}]}}