{"id":10402,"date":"2023-06-04T14:04:14","date_gmt":"2023-06-04T12:04:14","guid":{"rendered":"https:\/\/mv-balgach.ch\/?page_id=10402"},"modified":"2023-06-04T21:11:53","modified_gmt":"2023-06-04T19:11:53","slug":"helferfest-2023","status":"publish","type":"page","link":"https:\/\/mv-balgach.ch\/?page_id=10402","title":{"rendered":"Helferfest 2023"},"content":{"rendered":"\n<p>Am Sonntag 28.05.2023 lud der Musikverein Balgach zum Helferfest 2023 ein. Damit wollte der Verein Danke sagen f\u00fcr die tatkr\u00e4ftige Mithilfe an den verschiedenen Anl\u00e4ssen wie Kilbi, Suserfest und Abendunterhaltung. Ohne die aktive Unterst\u00fctzung von vielen fleissigen Helferinnen und Helfern ist die Durchf\u00fchrung dieser Anl\u00e4sse nicht m\u00f6glich. Der Musikverein Balgach kann auf eine Helferdatei mit rund 125 Namen zur\u00fcckgreifen. Eingeladen waren alle, welche seit dem letzten Helferfest 2015 mindestens f\u00fcnf Eins\u00e4tze geleistet haben. Rund 33 Personen folgten der Einladung.<\/p>\n\n\n\n<p>Der Anlass startete bei bestem sonnigem Wetter vor dem evangelischen Kirchgemeindehaus mit einem Ap\u00e9ro, welcher von der Jugendmusik Rebstein-Balgach musikalisch umrahmt wurde. Anschliessend wurde im Saal ein feines Nachtessen aufgetischt. Im Anschluss gab es einen Lotto-Match in drei Runden mit attraktiven Preisen von verschiedenen \u00f6rtlichen Unternehmen. Nach dem Dessert&nbsp; endete das Helferfest 2023 beim gem\u00fctlichen Beisammensein.<\/p>\n\n\n\n<p>Der Musikverein Balgach dankt nochmals allen Helferinnen und Helfern, welche immer wieder mit ihren Eins\u00e4tzen den Verein tatkr\u00e4ftig unterst\u00fctzen.<\/p>\n\n\n\nngg_shortcode_0_placeholder\n","protected":false},"excerpt":{"rendered":"<p>Am Sonntag 28.05.2023 lud der Musikverein Balgach zum Helferfest 2023 ein. Damit wollte der Verein Danke sagen f\u00fcr die tatkr\u00e4ftige Mithilfe an den verschiedenen Anl\u00e4ssen wie Kilbi, Suserfest und Abendunterhaltung. Ohne die aktive Unterst\u00fctzung von vielen fleissigen Helferinnen und Helfern ist die Durchf\u00fchrung dieser Anl\u00e4sse nicht m\u00f6glich. Der Musikverein Balgach kann auf eine Helferdatei mit &hellip; <a href=\"https:\/\/mv-balgach.ch\/?page_id=10402\" class=\"more-link\"><span class=\"screen-reader-text\">Helferfest 2023<\/span> weiterlesen <span class=\"meta-nav\">&rarr;<\/span><\/a><\/p>\n","protected":false},"author":1,"featured_media":10403,"parent":52,"menu_order":60,"comment_status":"closed","ping_status":"closed","template":"","meta":{"ngg_post_thumbnail":0,"footnotes":""},"class_list":["post-10402","page","type-page","status-publish","has-post-thumbnail","hentry"],"_links":{"self":[{"href":"https:\/\/mv-balgach.ch\/index.php?rest_route=\/wp\/v2\/pages\/10402","targetHints":{"allow":["GET"]}}],"collection":[{"href":"https:\/\/mv-balgach.ch\/index.php?rest_route=\/wp\/v2\/pages"}],"about":[{"href":"https:\/\/mv-balgach.ch\/index.php?rest_route=\/wp\/v2\/types\/page"}],"author":[{"embeddable":true,"href":"https:\/\/mv-balgach.ch\/index.php?rest_route=\/wp\/v2\/users\/1"}],"replies":[{"embeddable":true,"href":"https:\/\/mv-balgach.ch\/index.php?rest_route=%2Fwp%2Fv2%2Fcomments&post=10402"}],"version-history":[{"count":2,"href":"https:\/\/mv-balgach.ch\/index.php?rest_route=\/wp\/v2\/pages\/10402\/revisions"}],"predecessor-version":[{"id":10408,"href":"https:\/\/mv-balgach.ch\/index.php?rest_route=\/wp\/v2\/pages\/10402\/revisions\/10408"}],"up":[{"embeddable":true,"href":"https:\/\/mv-balgach.ch\/index.php?rest_route=\/wp\/v2\/pages\/52"}],"wp:featuredmedia":[{"embeddable":true,"href":"https:\/\/mv-balgach.ch\/index.php?rest_route=\/wp\/v2\/media\/10403"}],"wp:attachment":[{"href":"https:\/\/mv-balgach.ch\/index.php?rest_route=%2Fwp%2Fv2%2Fmedia&parent=10402"}],"curies":[{"name":"wp","href":"https:\/\/api.w.org\/{rel}","templated":true}]}}