{"id":10615,"date":"2023-11-13T17:44:33","date_gmt":"2023-11-13T15:44:33","guid":{"rendered":"https:\/\/mv-balgach.ch\/?page_id=10615"},"modified":"2023-11-20T15:37:38","modified_gmt":"2023-11-20T13:37:38","slug":"eidgenoessische-veteranin-denise-meier-nueesch","status":"publish","type":"page","link":"https:\/\/mv-balgach.ch\/?page_id=10615","title":{"rendered":"Eidgen\u00f6ssische Veteranin Denise Meier-N\u00fcesch"},"content":{"rendered":"\n<p>Am Samstag, den 11.11.2023 lud der St. Galler Blasmusikverband nach Buchs zur Kantonalen Delegiertenversammlung ein. Im Rahmen dieses Anlasses fanden verschiedene Ehrungen f\u00fcr langj\u00e4hrige aktive Mitgliedschaften im Musikverein statt. Dabei wurde Denise Meier-N\u00fcesch f\u00fcr 35 Jahre im Musikverein Balgach ausgezeichnet. Die Musikanten des MVB sind sehr stolz und dankbar, mit Denise solch eine gute Klarinettistin zu haben, die an fast keiner Probe fehlt und sich auch im Vorstand des Vereins engagiert. Dank ihrer Zahlenaffinit\u00e4t und Zuverl\u00e4ssigkeit als Kassiererin kann der MVB auf ein solides und genau kalkuliertes Budget vertrauen.<\/p>\n\n\n\n<p>Am Abend nach der Delegiertenversammlung feierten die Musikanten aus Balgach ihre neue Eidgen\u00f6ssische Veteranin Denise Meier-N\u00fcesch. Nach dem Ap\u00e8ro spielte der Musikverein zu Ehren der Jubilarin ein kleines St\u00e4ndchen. Nach der Vorspeise und dem sehr feinen Nachtessen wurde in einer kurzweiligen Laudatio \u2013 vorgetragen von den Vorstandsmitgliedern \u2013 auf die 35 Jahre von Denise zur\u00fcckgeblickt und so manche Erinnerung an vergangene lustige Momente aufgefrischt. Im Anschluss an diese R\u00fcckschau gab es einen Dessert und danach genossen alle Anwesenden noch gem\u00fctliche Stunden in geselliger Atmosph\u00e4re. Der Musikverein Balgach gratuliert Denise auf diesem Weg nochmals ganz herzlich zum Jubil\u00e4um und w\u00fcnscht ihr weiterhin viel Freude und Erf\u00fcllung mit der Blasmusik.<\/p>\n\n\n\nngg_shortcode_0_placeholder\n","protected":false},"excerpt":{"rendered":"<p>Am Samstag, den 11.11.2023 lud der St. Galler Blasmusikverband nach Buchs zur Kantonalen Delegiertenversammlung ein. Im Rahmen dieses Anlasses fanden verschiedene Ehrungen f\u00fcr langj\u00e4hrige aktive Mitgliedschaften im Musikverein statt. Dabei wurde Denise Meier-N\u00fcesch f\u00fcr 35 Jahre im Musikverein Balgach ausgezeichnet. Die Musikanten des MVB sind sehr stolz und dankbar, mit Denise solch eine gute Klarinettistin &hellip; <a href=\"https:\/\/mv-balgach.ch\/?page_id=10615\" class=\"more-link\"><span class=\"screen-reader-text\">Eidgen\u00f6ssische Veteranin Denise Meier-N\u00fcesch<\/span> weiterlesen <span class=\"meta-nav\">&rarr;<\/span><\/a><\/p>\n","protected":false},"author":1,"featured_media":10640,"parent":52,"menu_order":57,"comment_status":"closed","ping_status":"closed","template":"","meta":{"ngg_post_thumbnail":0,"footnotes":""},"class_list":["post-10615","page","type-page","status-publish","has-post-thumbnail","hentry"],"_links":{"self":[{"href":"https:\/\/mv-balgach.ch\/index.php?rest_route=\/wp\/v2\/pages\/10615","targetHints":{"allow":["GET"]}}],"collection":[{"href":"https:\/\/mv-balgach.ch\/index.php?rest_route=\/wp\/v2\/pages"}],"about":[{"href":"https:\/\/mv-balgach.ch\/index.php?rest_route=\/wp\/v2\/types\/page"}],"author":[{"embeddable":true,"href":"https:\/\/mv-balgach.ch\/index.php?rest_route=\/wp\/v2\/users\/1"}],"replies":[{"embeddable":true,"href":"https:\/\/mv-balgach.ch\/index.php?rest_route=%2Fwp%2Fv2%2Fcomments&post=10615"}],"version-history":[{"count":3,"href":"https:\/\/mv-balgach.ch\/index.php?rest_route=\/wp\/v2\/pages\/10615\/revisions"}],"predecessor-version":[{"id":10651,"href":"https:\/\/mv-balgach.ch\/index.php?rest_route=\/wp\/v2\/pages\/10615\/revisions\/10651"}],"up":[{"embeddable":true,"href":"https:\/\/mv-balgach.ch\/index.php?rest_route=\/wp\/v2\/pages\/52"}],"wp:featuredmedia":[{"embeddable":true,"href":"https:\/\/mv-balgach.ch\/index.php?rest_route=\/wp\/v2\/media\/10640"}],"wp:attachment":[{"href":"https:\/\/mv-balgach.ch\/index.php?rest_route=%2Fwp%2Fv2%2Fmedia&parent=10615"}],"curies":[{"name":"wp","href":"https:\/\/api.w.org\/{rel}","templated":true}]}}