{"id":11138,"date":"2025-09-02T11:33:15","date_gmt":"2025-09-02T09:33:15","guid":{"rendered":"https:\/\/mv-balgach.ch\/?page_id=11138"},"modified":"2025-09-05T09:16:17","modified_gmt":"2025-09-05T07:16:17","slug":"musigreis-2025","status":"publish","type":"page","link":"https:\/\/mv-balgach.ch\/?page_id=11138","title":{"rendered":"Musigreis 2025"},"content":{"rendered":"\nngg_shortcode_0_placeholder\n\n\n\n<figure class=\"wp-block-video\"><video controls src=\"https:\/\/mv-balgach.ch\/wordpress\/wp-content\/uploads\/2025\/09\/VID-20250831-WA0019.mp4\"><\/video><\/figure>\n\n\n\n<p>Am Wochenende des 30. und 31. August 2025 fand die &#8222;Musigreis&#8220; des Musikvereins Balgach statt. Die Reisegruppe mit 29 Vereinsmitgliedern startete am fr\u00fchen Samstagmorgen und bereits die Zugfahrt am Bodensee und Rhein entlang bot wundersch\u00f6ne Ausblicke. Nach der Ankunft in Schaffhausen und dem Abstellen des Gep\u00e4cks im Hotel erkundeten die Musiker mit einer digitalen Schnitzeljagd die Stadt etwas n\u00e4her. Alle waren sehr beeindruckt von der wundersch\u00f6nen Altstadt und dem Wahrzeichen der Stadt, dem Munot. Im Anschluss genossen die Musikanten ein sehr feines Mittagessen im G\u00fcterhof direkt am Rhein. Danach ging es weiter mit dem Rhyfall Express nach Neuhausen zum Rheinfall. Nach kurzer Wartezeit brachte das gelbe Boot die Ausfl\u00fcgler zum Mittelfelsen. Auf steilen Treppen ging es&nbsp; nach oben zur Aussichtsplattform, um von dort den atemberaubenden Blick auf den Wasserfall geniessen zu k\u00f6nnen. Die Balger waren tief beeindruckt von diesem Naturspektakel und dem lauten Donnern und T\u00f6sen des Wassers. Danach konnten die Musiker bei viel Sonnenschein und dem ein oder anderen Snack und Getr\u00e4nk etwas entspannen und am sp\u00e4teren Nachmittag ging es zur\u00fcck nach Schaffhausen. Nach dem Bezug der Zimmer und Frischmachen im Hotel gab es ein feine Abendessen und gem\u00fctlichen Tagesausklang bei Wein, Bier oder anderen Getr\u00e4nken. Am Sonntagmorgen war wiederum fr\u00fches Aufstehen angesagt und bereits um 8:20 Uhr ging es per Bus nach G\u00e4chlingen. Von dort starteten die Balger Musikanten zu einer mehr als dreist\u00fcndigen T\u00f6fflitour durch das Klettgau. Nach kurzer Erkl\u00e4rung und Einweisung wurden fast 70 km mit dem schnittigen schwarz-gelben T\u00f6ffli zur\u00fcck gelegt. Zur Erholung der beanspruchten Muskulatur wurde zwischendrin ein Kaffeehalt mit Gipfeli in Wunderklingen eingelegt. Alle Beteiligten waren begeistert vom Feeling und den wundersch\u00f6nen Ausblicken w\u00e4hrend der Fahrt. Nachdem sich in G\u00e4chlingen bei Fleisch- und K\u00e4sepl\u00e4ttli sowie diversen Desserts nochmals gest\u00e4rkt wurde, begaben sich die Musiker schliesslich auf die R\u00fcckfahrt ins heimische Balgach.<\/p>\n","protected":false},"excerpt":{"rendered":"<p>Am Wochenende des 30. und 31. August 2025 fand die &#8222;Musigreis&#8220; des Musikvereins Balgach statt. Die Reisegruppe mit 29 Vereinsmitgliedern startete am fr\u00fchen Samstagmorgen und bereits die Zugfahrt am Bodensee und Rhein entlang bot wundersch\u00f6ne Ausblicke. Nach der Ankunft in Schaffhausen und dem Abstellen des Gep\u00e4cks im Hotel erkundeten die Musiker mit einer digitalen Schnitzeljagd &hellip; <a href=\"https:\/\/mv-balgach.ch\/?page_id=11138\" class=\"more-link\"><span class=\"screen-reader-text\">Musigreis 2025<\/span> weiterlesen <span class=\"meta-nav\">&rarr;<\/span><\/a><\/p>\n","protected":false},"author":1,"featured_media":11249,"parent":52,"menu_order":50,"comment_status":"closed","ping_status":"closed","template":"","meta":{"ngg_post_thumbnail":0,"footnotes":""},"class_list":["post-11138","page","type-page","status-publish","has-post-thumbnail","hentry"],"_links":{"self":[{"href":"https:\/\/mv-balgach.ch\/index.php?rest_route=\/wp\/v2\/pages\/11138","targetHints":{"allow":["GET"]}}],"collection":[{"href":"https:\/\/mv-balgach.ch\/index.php?rest_route=\/wp\/v2\/pages"}],"about":[{"href":"https:\/\/mv-balgach.ch\/index.php?rest_route=\/wp\/v2\/types\/page"}],"author":[{"embeddable":true,"href":"https:\/\/mv-balgach.ch\/index.php?rest_route=\/wp\/v2\/users\/1"}],"replies":[{"embeddable":true,"href":"https:\/\/mv-balgach.ch\/index.php?rest_route=%2Fwp%2Fv2%2Fcomments&post=11138"}],"version-history":[{"count":3,"href":"https:\/\/mv-balgach.ch\/index.php?rest_route=\/wp\/v2\/pages\/11138\/revisions"}],"predecessor-version":[{"id":11270,"href":"https:\/\/mv-balgach.ch\/index.php?rest_route=\/wp\/v2\/pages\/11138\/revisions\/11270"}],"up":[{"embeddable":true,"href":"https:\/\/mv-balgach.ch\/index.php?rest_route=\/wp\/v2\/pages\/52"}],"wp:featuredmedia":[{"embeddable":true,"href":"https:\/\/mv-balgach.ch\/index.php?rest_route=\/wp\/v2\/media\/11249"}],"wp:attachment":[{"href":"https:\/\/mv-balgach.ch\/index.php?rest_route=%2Fwp%2Fv2%2Fmedia&parent=11138"}],"curies":[{"name":"wp","href":"https:\/\/api.w.org\/{rel}","templated":true}]}}