{"id":169,"date":"2014-08-02T16:22:41","date_gmt":"2014-08-02T14:22:41","guid":{"rendered":"http:\/\/wp.mv-balgach.ch\/?page_id=169"},"modified":"2018-07-07T16:40:48","modified_gmt":"2018-07-07T14:40:48","slug":"kilbifest-2","status":"publish","type":"page","link":"https:\/\/mv-balgach.ch\/?page_id=169","title":{"rendered":"Geschichte"},"content":{"rendered":"<p><strong>\u00dcber Jahrzehnte hinweg findet in Balgach der Kilbibetrieb in der Turnhallenstrasse mit Marktst\u00e4nden und Vergn\u00fcgungsbetrieben wie Autoscooter, Karussell, usw. statt. Die Vergn\u00fcgungsbahnen sind seit jeher bei der Schuljugend beliebt, und so kann der Kilbibatzen umgesetzt werden.<\/strong><\/p>\n<p>Ein Kilbifest ist bereits seit Jahrhunderten eine sehr wichtige Veranstaltung in einem Dorfleben. Grosse Bedeutung hatte in fr\u00fcheren Zeiten auch die Kilbi wegen des Marktes. Die j\u00fcngere Generation sch\u00e4tzte die Unterhaltung der Schausteller. F\u00fcr Musik sorgte oft eine bunt bemalte Drehorgel, auf deren Frontseite sich geschnitzte Musikanten, mechanisch angetrieben, im Takt der gespielten Musik bewegten. Artisten wie Seilt\u00e4nzer oder Jongleure zeigten ihr K\u00f6nnen.<\/p>\n<p><strong>Der Kilbitanz<\/strong><\/p>\n<p>Einen wichtigen Stellenwert hatten anl\u00e4sslich der Dorfkilbi in Balgach immer die Tanzabende unter freiem Himmel. Zum Kilbitanz trafen sich die heiratsf\u00e4higen T\u00f6chter und Burschen, und bei manchem Liebes- und sp\u00e4terem Ehepaar traf bestimmt Amors erster Pfeil ihre Herzen anl\u00e4sslich der Dorfkilbi. Die Tradition des Kilbitanzes in den Restaurants verlor sich in den 70er Jahren in Balgach. Dies bewog 1981 den Musikverein Balgach, im Rahmen der Dorfkilbi ein Fest unter Mitwirkung der Dorfvereine mit musikalischer Unterhaltung zu organisieren. Die z\u00fcndende Idee zu diesem Kilbifest gab damals Hansueli N\u00fcesch, der spontan dann \u00fcber Jahre hinweg gleich den Anlass als OK-Pr\u00e4sident koordinierte. Das sogenannte Kilbifest war somit aus der Taufe gehoben.<\/p>\n<p><strong>Unterhaltungsabend der Dorfvereine<\/strong><\/p>\n<p>Das Kilbiprogramm startete in den ersten Jahren bereits am Samstagabend in der Dorfturnhalle mit Darbietungen der Dorfvereine, so die Turnvereine ETV (STV) und TSV sowie der M\u00e4nnerchor. Eingebunden waren ebenso der Musikverein und die Jugendmusik, welche mit Konzertdarbietungen das Abendprogramm auflockerten. Der Kilbisonntag wurde bei guter Witterung auf der Dorfturnhallenwiese mit einem Fr\u00fchschoppenkonzert des Musikvereins Balgach er\u00f6ffnet.<br \/>\nDie Festwirtschaft bot das Kilbifestmen\u00fc \u201eHeisser Beinschinken mit Kartoffelsalat\u201c, damals zum Preis von Fr. 6.50 an. F\u00fcr die K\u00fchlung des Flaschenbiers und der S\u00fcsswasser stand anf\u00e4nglich noch kein K\u00fchlwagen zur Verf\u00fcgung: Man stapelte die Harrassen in einer Ecke, legte Eisbarren dar\u00fcber und deckte das Depot mit einer Blache ab. Als Wirtschaftschef amtete in den ersten Jahren Albert Riedener, nachher Heini L\u00fcchinger und seit Jahren Anita Metzler. Zugleich leitete Albert Riedener auch die Winzerkapelle, welche am Sonntagnachmittag die G\u00e4ste in der Festwirtschaft mit gem\u00fctlicher Blasmusik unterhielt.<\/p>\n<p><strong>Das Kilbifest findet Nachahmung<\/strong><\/p>\n<p>1984 schrieb der Berichterstatter in der Presse, dass die Idee des Balgacher Kilbifestes auch in andern Gemeinden Nachahmung finden k\u00f6nnte, damit die Kilbibesucher bei Speis und Trank in gem\u00fctlicher Runde die Kilbi geniessen k\u00f6nnen. Die Idee des Kilbifestes erfuhr tats\u00e4chlich in der Folge in etlichen Rheintaler D\u00f6rfern Nachahmung. Somit wurde auch die Kilbi mit Marktst\u00e4nden und dergleichen aufgewertet.<\/p>\n<p>Die ersten f\u00fcnf Kilbifeste konnten immer bei herrlichem Sommerwetter durchgef\u00fchrt werden, gleichsam als positiven Einstieg in die bevorstehende Ferienzeit. Es hiess, dass die Balgacher Kilbi stets nur bei sch\u00f6nstem Wetter stattfinde. Eines Besseren wurden die Organisatoren beim sechsten Kilbifest 1986 belehrt, als es den ganzen Kilbisonntag in Str\u00f6men regnete!<\/p>\n<p><strong>Die Teuerung h\u00e4lt Schritt<\/strong><\/p>\n<p>Ein Blick in die Speisekarte von 1986 belegt, dass die Preise auch mit der Teuerung Schritt halten mussten. So kostete das Kilbifestmen\u00fc Fr. 8.-, die Flasche Bier Fr. 3.-, das Mineral Fr. 2.20, der Kaffee cr\u00e8me Fr. 2.-, der Halbliter Balgacher Fr. 12.-, Rittertrunk Fr. 7.-. Eine Premiere im Wirtschaftsbetrieb war 1987 der offene Bierausschank. 1988 konnte bereits ein Bierausschank von \u00fcber 500 Litern vermerkt werden, was sicher auf das heisse Sommerwetter zur\u00fcckzuf\u00fchren war. Eine Bar unter Leitung von Gerhard Weder lud am Samstag- und Sonntagabend ebenfalls zum Drink ein, was von vielen G\u00e4sten teils bis in die sp\u00e4ten Nachtstunden gesch\u00e4tzt wurde. 1989 blickte der Musikverein als Organisator auf das dritte verregnete Kilbifest zur\u00fcck, was aber finanziell keinen grossen Einbruch nach sich zog, beweist daf\u00fcr, dass das Kilbifest einen festen Platz bei der Dorfbev\u00f6lkerung inne hat.<\/p>\n<p><strong>Ab 1991 nur noch ein Sonntagsprogramm<\/strong><\/p>\n<p>Einen ersten H\u00f6hepunkt erlebte das 10. Kilbifest 1990, denn es wurde integriert in die Fahnenweihe des Musikvereins unter OK-Pr\u00e4sident Gerhard Weder. 1991, Balgach feierte sein 1100j\u00e4hriges Bestehen, wird auf ein Samstagabendprogramm zusammen mit Beitr\u00e4gen der Dorfvereine verzichtet. Das Sonntagsprogramm wird im bisherigen Rahmen auf der Dorfturnhallenwiese mit verschiedenen Musikgruppen gestaltet. Zum Fr\u00fchschoppenkonzert spielte 1991 die Bauernkapelle Wolfurt auf. Mit einem Konzert erfreut am Sonntagabend jeweils die Jugendmusik. Zum Fr\u00fchschoppenkonzert spielen in der Folge Musikvereine u.a. des Kreises Unterrheintal auf. Damit die Festbesucher sich wohlf\u00fchlten, wird der Festplatz ab 1991 mit Sonnenschirmen beschattet.<\/p>\n<p>Somit hat das Kilbifest in Balgach bereits seit 31 Jahren einen festen Platz im Veranstaltungskalender wie seit jeher die Dorfkilbi mit Marktst\u00e4nden und Attraktionen f\u00fcr Jung und Alt, f\u00fcr Familien, f\u00fcr Balgacher in der Ferne mit Heimweh nach ihrem Heimatdorf.<\/p>\n","protected":false},"excerpt":{"rendered":"<p>\u00dcber Jahrzehnte hinweg findet in Balgach der Kilbibetrieb in der Turnhallenstrasse mit Marktst\u00e4nden und Vergn\u00fcgungsbetrieben wie Autoscooter, Karussell, usw. statt. Die Vergn\u00fcgungsbahnen sind seit jeher bei der Schuljugend beliebt, und so kann der Kilbibatzen umgesetzt werden. Ein Kilbifest ist bereits seit Jahrhunderten eine sehr wichtige Veranstaltung in einem Dorfleben. Grosse Bedeutung hatte in fr\u00fcheren Zeiten &hellip; <a href=\"https:\/\/mv-balgach.ch\/?page_id=169\" class=\"more-link\"><span class=\"screen-reader-text\">Geschichte<\/span> weiterlesen <span class=\"meta-nav\">&rarr;<\/span><\/a><\/p>\n","protected":false},"author":1,"featured_media":0,"parent":7948,"menu_order":13,"comment_status":"closed","ping_status":"closed","template":"","meta":{"ngg_post_thumbnail":0,"footnotes":""},"class_list":["post-169","page","type-page","status-publish","hentry"],"_links":{"self":[{"href":"https:\/\/mv-balgach.ch\/index.php?rest_route=\/wp\/v2\/pages\/169","targetHints":{"allow":["GET"]}}],"collection":[{"href":"https:\/\/mv-balgach.ch\/index.php?rest_route=\/wp\/v2\/pages"}],"about":[{"href":"https:\/\/mv-balgach.ch\/index.php?rest_route=\/wp\/v2\/types\/page"}],"author":[{"embeddable":true,"href":"https:\/\/mv-balgach.ch\/index.php?rest_route=\/wp\/v2\/users\/1"}],"replies":[{"embeddable":true,"href":"https:\/\/mv-balgach.ch\/index.php?rest_route=%2Fwp%2Fv2%2Fcomments&post=169"}],"version-history":[{"count":2,"href":"https:\/\/mv-balgach.ch\/index.php?rest_route=\/wp\/v2\/pages\/169\/revisions"}],"predecessor-version":[{"id":172,"href":"https:\/\/mv-balgach.ch\/index.php?rest_route=\/wp\/v2\/pages\/169\/revisions\/172"}],"up":[{"embeddable":true,"href":"https:\/\/mv-balgach.ch\/index.php?rest_route=\/wp\/v2\/pages\/7948"}],"wp:attachment":[{"href":"https:\/\/mv-balgach.ch\/index.php?rest_route=%2Fwp%2Fv2%2Fmedia&parent=169"}],"curies":[{"name":"wp","href":"https:\/\/api.w.org\/{rel}","templated":true}]}}