{"id":2001,"date":"2015-04-26T20:45:16","date_gmt":"2015-04-26T18:45:16","guid":{"rendered":"http:\/\/mv-balgach.ch\/?page_id=2001"},"modified":"2023-06-04T21:34:05","modified_gmt":"2023-06-04T19:34:05","slug":"geburtstagsfest-erik","status":"publish","type":"page","link":"https:\/\/mv-balgach.ch\/?page_id=2001","title":{"rendered":"Kreismusiktag 2017"},"content":{"rendered":"<h4><strong>Auszeichnung \u201eGute Leistung\u201c f\u00fcr den MV Balgach an den Rheintaler Kreismusiktagen 2017 in Marbach<\/strong><\/h4>\n<p>Am Sonntag, 21. Mai 2017 startete der Musikverein Balgach an den Rheintaler Kreismusiktagen in Marbach. F\u00fcr beide Vortr\u00e4ge erhielt der Verein die Auszeichnung \u201eGute Leistung\u201c.<\/p>\n<p>Top motiviert haben sich die 28 Musikantinnen und Musikanten der Jury mit \u201eThe new Village\u201c gestellt. W\u00e4hrend dem rund neun min\u00fctigen Vortrag war volle Konzentration, Engagement, Aufmerksamkeit und vor allem Spielfreude gefordert. Infolge Nervosit\u00e4t schlichen sich ein paar kleinere Unstimmigkeiten ein.<\/p>\n<p>Am Nachmittag fand dann bei angenehmen Temperaturen der Wettbewerb in der Parademusik statt. Die dreik\u00f6pfige Jury hatte f\u00fcr den Musikverein Balgach den Marsch \u201eSchneidig vor\u201c ausgew\u00e4hlt. Der kleine Verein pr\u00e4sentierte den Marsch dem zahlreich erschienen Publikum mit viel Hingabe und Konzentration. Daf\u00fcr bekam der Verein gute 85 Punkte.<\/p>\n<p>Kurz nach 17.30 Uhr wurden dann die erzielten Resultate an der Rangverlesung verk\u00fcndet. Der Musikverein Balgach erspielte sich mit dem ausgew\u00e4hlten Selbstwahlst\u00fcck 81.67 Punkte und somit den undankbaren 4. Rang in der dritten St\u00e4rkeklasse. In der Parademusik erspielte sich der MV Balgach den 13. Rang. Beide Punktzahlen reichten f\u00fcr die Auszeichnung \u201eGute Leistung\u201c.<\/p>\nngg_shortcode_0_placeholder\n","protected":false},"excerpt":{"rendered":"<p>Auszeichnung \u201eGute Leistung\u201c f\u00fcr den MV Balgach an den Rheintaler Kreismusiktagen 2017 in Marbach Am Sonntag, 21. Mai 2017 startete der Musikverein Balgach an den Rheintaler Kreismusiktagen in Marbach. F\u00fcr beide Vortr\u00e4ge erhielt der Verein die Auszeichnung \u201eGute Leistung\u201c. Top motiviert haben sich die 28 Musikantinnen und Musikanten der Jury mit \u201eThe new Village\u201c gestellt. &hellip; <a href=\"https:\/\/mv-balgach.ch\/?page_id=2001\" class=\"more-link\"><span class=\"screen-reader-text\">Kreismusiktag 2017<\/span> weiterlesen <span class=\"meta-nav\">&rarr;<\/span><\/a><\/p>\n","protected":false},"author":1,"featured_media":6279,"parent":10435,"menu_order":105,"comment_status":"closed","ping_status":"closed","template":"","meta":{"ngg_post_thumbnail":0,"footnotes":""},"class_list":["post-2001","page","type-page","status-publish","has-post-thumbnail","hentry"],"_links":{"self":[{"href":"https:\/\/mv-balgach.ch\/index.php?rest_route=\/wp\/v2\/pages\/2001","targetHints":{"allow":["GET"]}}],"collection":[{"href":"https:\/\/mv-balgach.ch\/index.php?rest_route=\/wp\/v2\/pages"}],"about":[{"href":"https:\/\/mv-balgach.ch\/index.php?rest_route=\/wp\/v2\/types\/page"}],"author":[{"embeddable":true,"href":"https:\/\/mv-balgach.ch\/index.php?rest_route=\/wp\/v2\/users\/1"}],"replies":[{"embeddable":true,"href":"https:\/\/mv-balgach.ch\/index.php?rest_route=%2Fwp%2Fv2%2Fcomments&post=2001"}],"version-history":[{"count":2,"href":"https:\/\/mv-balgach.ch\/index.php?rest_route=\/wp\/v2\/pages\/2001\/revisions"}],"predecessor-version":[{"id":6274,"href":"https:\/\/mv-balgach.ch\/index.php?rest_route=\/wp\/v2\/pages\/2001\/revisions\/6274"}],"up":[{"embeddable":true,"href":"https:\/\/mv-balgach.ch\/index.php?rest_route=\/wp\/v2\/pages\/10435"}],"wp:featuredmedia":[{"embeddable":true,"href":"https:\/\/mv-balgach.ch\/index.php?rest_route=\/wp\/v2\/media\/6279"}],"wp:attachment":[{"href":"https:\/\/mv-balgach.ch\/index.php?rest_route=%2Fwp%2Fv2%2Fmedia&parent=2001"}],"curies":[{"name":"wp","href":"https:\/\/api.w.org\/{rel}","templated":true}]}}