{"id":2058,"date":"2015-06-10T22:14:41","date_gmt":"2015-06-10T20:14:41","guid":{"rendered":"http:\/\/mv-balgach.ch\/?page_id=2058"},"modified":"2023-06-04T21:34:24","modified_gmt":"2023-06-04T19:34:24","slug":"kreismusiktage-2015","status":"publish","type":"page","link":"https:\/\/mv-balgach.ch\/?page_id=2058","title":{"rendered":"Kreismusiktag 2016"},"content":{"rendered":"<h4><strong>Rheintaler Kreismusiktage in R\u00fcthi \u2013 Der Musikverein Balgach war auch dabei<\/strong><\/h4>\n<p>Am Sonntag, den 22. Mai 2016 startete der Musikverein Balgach an den Rheintaler Kreismusiktagen in R\u00fcthi. Zufriedenstellende Resultate konnten erzielt werden.<\/p>\n<p>Mit grosser Motivation hat sich der Musikverein Balgach der Jury mit \u201eA Circus Suite\u201c gestellt. W\u00e4hrend dem rund zehn min\u00fctigen Vortrag war volle Konzentration, Hingabe, Engagement, Aufmerksamkeit und vor allem Spielfreude gefordert. Infolge Nervosit\u00e4t schlichen sich ein paar kleinere Unstimmigkeiten ein. Der erste Teil konnte aber trotzdem noch zufriedenstellend abgeschlossen werden.<\/p>\n<p>Am Nachmittag fand dann bei warmen Temperaturen der Wettbewerb in der Parademusik statt. Die dreik\u00f6pfige Jury hatte f\u00fcr den Musikverein Balgach den \u201eTr\u00fcnggeler Marsch\u201c ausgew\u00e4hlt. Es war nun wichtig, sich besonders auf den Abmarsch, die Ausrichtung, das Anhalten, etc. zu konzentrieren.<\/p>\n<p>Kurz nach 17.30 Uhr wurden dann die erzielten Resultate an der Rangverlesung verk\u00fcndet. Der Musikverein Balgach erspielte sich mit dem ausgew\u00e4hlten Selbstwahlst\u00fcck 79.67 Punkte und somit den 5. Rang in der dritten St\u00e4rkeklasse. In der Parademusik erspielte sich der MV Balgach den 14. Rang. Die Abst\u00e4nde unter den startenden Vereinen waren sehr gering und somit entschied jeweils nur sehr wenig \u00fcber einen Erfolg oder eine Niederlage.<\/p>\nngg_shortcode_0_placeholder\n","protected":false},"excerpt":{"rendered":"<p>Rheintaler Kreismusiktage in R\u00fcthi \u2013 Der Musikverein Balgach war auch dabei Am Sonntag, den 22. Mai 2016 startete der Musikverein Balgach an den Rheintaler Kreismusiktagen in R\u00fcthi. Zufriedenstellende Resultate konnten erzielt werden. Mit grosser Motivation hat sich der Musikverein Balgach der Jury mit \u201eA Circus Suite\u201c gestellt. W\u00e4hrend dem rund zehn min\u00fctigen Vortrag war volle &hellip; <a href=\"https:\/\/mv-balgach.ch\/?page_id=2058\" class=\"more-link\"><span class=\"screen-reader-text\">Kreismusiktag 2016<\/span> weiterlesen <span class=\"meta-nav\">&rarr;<\/span><\/a><\/p>\n","protected":false},"author":1,"featured_media":4531,"parent":10435,"menu_order":106,"comment_status":"closed","ping_status":"closed","template":"","meta":{"ngg_post_thumbnail":0,"footnotes":""},"class_list":["post-2058","page","type-page","status-publish","has-post-thumbnail","hentry"],"_links":{"self":[{"href":"https:\/\/mv-balgach.ch\/index.php?rest_route=\/wp\/v2\/pages\/2058","targetHints":{"allow":["GET"]}}],"collection":[{"href":"https:\/\/mv-balgach.ch\/index.php?rest_route=\/wp\/v2\/pages"}],"about":[{"href":"https:\/\/mv-balgach.ch\/index.php?rest_route=\/wp\/v2\/types\/page"}],"author":[{"embeddable":true,"href":"https:\/\/mv-balgach.ch\/index.php?rest_route=\/wp\/v2\/users\/1"}],"replies":[{"embeddable":true,"href":"https:\/\/mv-balgach.ch\/index.php?rest_route=%2Fwp%2Fv2%2Fcomments&post=2058"}],"version-history":[{"count":3,"href":"https:\/\/mv-balgach.ch\/index.php?rest_route=\/wp\/v2\/pages\/2058\/revisions"}],"predecessor-version":[{"id":7646,"href":"https:\/\/mv-balgach.ch\/index.php?rest_route=\/wp\/v2\/pages\/2058\/revisions\/7646"}],"up":[{"embeddable":true,"href":"https:\/\/mv-balgach.ch\/index.php?rest_route=\/wp\/v2\/pages\/10435"}],"wp:featuredmedia":[{"embeddable":true,"href":"https:\/\/mv-balgach.ch\/index.php?rest_route=\/wp\/v2\/media\/4531"}],"wp:attachment":[{"href":"https:\/\/mv-balgach.ch\/index.php?rest_route=%2Fwp%2Fv2%2Fmedia&parent=2058"}],"curies":[{"name":"wp","href":"https:\/\/api.w.org\/{rel}","templated":true}]}}