{"id":2137,"date":"2015-06-18T14:15:04","date_gmt":"2015-06-18T12:15:04","guid":{"rendered":"http:\/\/mv-balgach.ch\/?page_id=2137"},"modified":"2023-06-04T14:05:37","modified_gmt":"2023-06-04T12:05:37","slug":"helferfest","status":"publish","type":"page","link":"https:\/\/mv-balgach.ch\/?page_id=2137","title":{"rendered":"Helferfest 2015"},"content":{"rendered":"<p>Am Sonntag, den 14. Juni&nbsp;lud der Musikverein Balgach zum Helferfest 2015 ein. Rund 70 Personen folgten der Einladung.<\/p>\n<p>Im Vereinsjahr des Musikvereins Balgach ist das Kilbi- und Suserfest sowie die Abendunterhaltung fest verankert. Ohne die aktive Unterst\u00fctzung von vielen Helferinnen und Helfer ist die Durchf\u00fchrung dieser Anl\u00e4sse nicht m\u00f6glich. Der MVB lud deshalb vergangenen Sonntag zum Helferfest ein. Der Musikverein Balgach kann auf eine Helferdatei mit rund 120 Namen zur\u00fcckgreifen. Eingeladen waren deshalb alle, welche seit 2010 mindestens drei Eins\u00e4tze geleistet haben. Mit 5 Kilbi-, 3 Suserfestern und 6 Unterhaltungen w\u00e4ren maximal 15 Eins\u00e4tze m\u00f6glich gewesen.<\/p>\n<p>Besammlung war im Garten des Frongarten Balgach. Mit einem Ap\u00e9ro, welchen der MVB musikalisch umrahmte, wurden die G\u00e4ste willkommen geheissen. Anschliessend wurde ein feines Nachtessen inklusive Dessert aufgetischt. Nebenbei lief eine Diashow, auf denen eine Auswahl von Fotos von den vergangenen Anl\u00e4ssen bestaunt werden konnte. Beim gem\u00fctlichen Beisammensein endete das Helferfest 2015.<\/p>\n<p>Der Musikverein Balgach dankt nochmals allen Helferinnen und Helfern, welche immer wieder mit ihren Eins\u00e4tzen den Musikverein Balgach tatkr\u00e4ftig unterst\u00fctzen.<\/p>\nngg_shortcode_0_placeholder\n","protected":false},"excerpt":{"rendered":"<p>Am Sonntag, den 14. Juni&nbsp;lud der Musikverein Balgach zum Helferfest 2015 ein. Rund 70 Personen folgten der Einladung. Im Vereinsjahr des Musikvereins Balgach ist das Kilbi- und Suserfest sowie die Abendunterhaltung fest verankert. Ohne die aktive Unterst\u00fctzung von vielen Helferinnen und Helfer ist die Durchf\u00fchrung dieser Anl\u00e4sse nicht m\u00f6glich. Der MVB lud deshalb vergangenen Sonntag &hellip; <a href=\"https:\/\/mv-balgach.ch\/?page_id=2137\" class=\"more-link\"><span class=\"screen-reader-text\">Helferfest 2015<\/span> weiterlesen <span class=\"meta-nav\">&rarr;<\/span><\/a><\/p>\n","protected":false},"author":1,"featured_media":0,"parent":10402,"menu_order":130,"comment_status":"closed","ping_status":"closed","template":"","meta":{"ngg_post_thumbnail":0,"footnotes":""},"class_list":["post-2137","page","type-page","status-publish","hentry"],"_links":{"self":[{"href":"https:\/\/mv-balgach.ch\/index.php?rest_route=\/wp\/v2\/pages\/2137","targetHints":{"allow":["GET"]}}],"collection":[{"href":"https:\/\/mv-balgach.ch\/index.php?rest_route=\/wp\/v2\/pages"}],"about":[{"href":"https:\/\/mv-balgach.ch\/index.php?rest_route=\/wp\/v2\/types\/page"}],"author":[{"embeddable":true,"href":"https:\/\/mv-balgach.ch\/index.php?rest_route=\/wp\/v2\/users\/1"}],"replies":[{"embeddable":true,"href":"https:\/\/mv-balgach.ch\/index.php?rest_route=%2Fwp%2Fv2%2Fcomments&post=2137"}],"version-history":[{"count":3,"href":"https:\/\/mv-balgach.ch\/index.php?rest_route=\/wp\/v2\/pages\/2137\/revisions"}],"predecessor-version":[{"id":10405,"href":"https:\/\/mv-balgach.ch\/index.php?rest_route=\/wp\/v2\/pages\/2137\/revisions\/10405"}],"up":[{"embeddable":true,"href":"https:\/\/mv-balgach.ch\/index.php?rest_route=\/wp\/v2\/pages\/10402"}],"wp:attachment":[{"href":"https:\/\/mv-balgach.ch\/index.php?rest_route=%2Fwp%2Fv2%2Fmedia&parent=2137"}],"curies":[{"name":"wp","href":"https:\/\/api.w.org\/{rel}","templated":true}]}}