{"id":317,"date":"2014-08-02T22:39:22","date_gmt":"2014-08-02T20:39:22","guid":{"rendered":"http:\/\/wp.mv-balgach.ch\/?page_id=317"},"modified":"2026-01-23T08:01:10","modified_gmt":"2026-01-23T06:01:10","slug":"verein","status":"publish","type":"page","link":"https:\/\/mv-balgach.ch\/?page_id=317","title":{"rendered":"Verein"},"content":{"rendered":"\n<p class=\"has-text-align-center\">Den Musikverein Balgach gibt es bereits seit dem Jahr 1830. Die Musikanten spielen in Harmoniebesetzung in der 3. St\u00e4rkeklasse und stehen seit 2020 unter dem Dirigentenstab von Michael Schl\u00e4pfer. Im Moment z\u00e4hlt der Aktivverein rund 35 Mitglieder im Alter von 16 \u2013 76 Jahren. Das Repertoire beinhaltet eine bunte Mischung aus M\u00e4rschen, Polkas, St\u00fccken im Swingstil sowie Titeln aus den aktuellen Charts und Filmen. Neben dem Musikalischen legen die Verantwortlichen grossen Wert auf das gesellige Miteinander und die Kameradschaft im Verein. Der wichtigste Anlass im Vereinsjahr ist die grosse Abendunterhaltung im Januar. Desweiteren wird viel Wert gelegt auf die Zusammenarbeit mit der Jugendmusik. Diese gibt es seit 1980 und schloss sich im M\u00e4rz 2020 mit den Nachwuchsmusikanten aus Rebstein zur Jugendmusik Rebstein-Balgach zusammen.<\/p>\n\n\n<div class=\"wp-block-image\">\n<figure class=\"aligncenter size-large\"><a href=\"https:\/\/mv-balgach.ch\/wordpress\/wp-content\/uploads\/2026\/01\/MVB_UH2026_3.jpeg\"><img loading=\"lazy\" decoding=\"async\" width=\"1024\" height=\"682\" src=\"https:\/\/mv-balgach.ch\/wordpress\/wp-content\/uploads\/2026\/01\/MVB_UH2026_3-1024x682.jpeg\" alt=\"\" class=\"wp-image-11392\" srcset=\"https:\/\/mv-balgach.ch\/wordpress\/wp-content\/uploads\/2026\/01\/MVB_UH2026_3-1024x682.jpeg 1024w, https:\/\/mv-balgach.ch\/wordpress\/wp-content\/uploads\/2026\/01\/MVB_UH2026_3-300x200.jpeg 300w, https:\/\/mv-balgach.ch\/wordpress\/wp-content\/uploads\/2026\/01\/MVB_UH2026_3-768x512.jpeg 768w, https:\/\/mv-balgach.ch\/wordpress\/wp-content\/uploads\/2026\/01\/MVB_UH2026_3-1536x1023.jpeg 1536w, https:\/\/mv-balgach.ch\/wordpress\/wp-content\/uploads\/2026\/01\/MVB_UH2026_3.jpeg 1600w\" sizes=\"auto, (max-width: 1024px) 100vw, 1024px\" \/><\/a><figcaption class=\"wp-element-caption\">Der Musikverein Balgach anl\u00e4sslich der Abendunterhaltung 2026<\/figcaption><\/figure><\/div>","protected":false},"excerpt":{"rendered":"<p>Den Musikverein Balgach gibt es bereits seit dem Jahr 1830. Die Musikanten spielen in Harmoniebesetzung in der 3. St\u00e4rkeklasse und stehen seit 2020 unter dem Dirigentenstab von Michael Schl\u00e4pfer. Im Moment z\u00e4hlt der Aktivverein rund 35 Mitglieder im Alter von 16 \u2013 76 Jahren. Das Repertoire beinhaltet eine bunte Mischung aus M\u00e4rschen, Polkas, St\u00fccken im &hellip; <a href=\"https:\/\/mv-balgach.ch\/?page_id=317\" class=\"more-link\"><span class=\"screen-reader-text\">Verein<\/span> weiterlesen <span class=\"meta-nav\">&rarr;<\/span><\/a><\/p>\n","protected":false},"author":1,"featured_media":11085,"parent":0,"menu_order":5,"comment_status":"closed","ping_status":"closed","template":"","meta":{"ngg_post_thumbnail":0,"footnotes":""},"class_list":["post-317","page","type-page","status-publish","has-post-thumbnail","hentry"],"_links":{"self":[{"href":"https:\/\/mv-balgach.ch\/index.php?rest_route=\/wp\/v2\/pages\/317","targetHints":{"allow":["GET"]}}],"collection":[{"href":"https:\/\/mv-balgach.ch\/index.php?rest_route=\/wp\/v2\/pages"}],"about":[{"href":"https:\/\/mv-balgach.ch\/index.php?rest_route=\/wp\/v2\/types\/page"}],"author":[{"embeddable":true,"href":"https:\/\/mv-balgach.ch\/index.php?rest_route=\/wp\/v2\/users\/1"}],"replies":[{"embeddable":true,"href":"https:\/\/mv-balgach.ch\/index.php?rest_route=%2Fwp%2Fv2%2Fcomments&post=317"}],"version-history":[{"count":3,"href":"https:\/\/mv-balgach.ch\/index.php?rest_route=\/wp\/v2\/pages\/317\/revisions"}],"predecessor-version":[{"id":11393,"href":"https:\/\/mv-balgach.ch\/index.php?rest_route=\/wp\/v2\/pages\/317\/revisions\/11393"}],"wp:featuredmedia":[{"embeddable":true,"href":"https:\/\/mv-balgach.ch\/index.php?rest_route=\/wp\/v2\/media\/11085"}],"wp:attachment":[{"href":"https:\/\/mv-balgach.ch\/index.php?rest_route=%2Fwp%2Fv2%2Fmedia&parent=317"}],"curies":[{"name":"wp","href":"https:\/\/api.w.org\/{rel}","templated":true}]}}