{"id":3213,"date":"2015-09-27T21:04:01","date_gmt":"2015-09-27T19:04:01","guid":{"rendered":"http:\/\/mv-balgach.ch\/?page_id=3213"},"modified":"2021-10-04T20:45:28","modified_gmt":"2021-10-04T18:45:28","slug":"musigreis-2015","status":"publish","type":"page","link":"https:\/\/mv-balgach.ch\/?page_id=3213","title":{"rendered":"Musigausflug 2021"},"content":{"rendered":"\nngg_shortcode_0_placeholder\n\n\n\n<p>Am Samstag, dem 04.09.2021 fand die Musikreise des MVB statt. Petrus meinte es sehr gut mit den teilnehmenden Musikanten, der Anlass fand bei strahlend blauem Himmel und durchweg Sonnenschein statt. Per Zug ging es von Heerbrugg bis nach Bad Ragaz. Dort angekommen wanderten die Ausfl\u00fcgler auf der autofreien Naturstrasse entlang der wildromantischen Tamina bis zum Alten Bad Pf\u00e4fers. Nachdem sich alle etwas gest\u00e4rkt und ausgeruht hatten, gab es eine F\u00fchrung durch das Badehaus sowie zur Quelle in der Taminaschlucht. Die Musikanten erfuhren dabei viel Spannendes und Interessantes \u00fcber die Geschichte des Bades. Anschliessend genossen sie im dortigen Restaurant ein feines 3-G\u00e4nge-Men\u00fc. Dies gab Kraft f\u00fcr den R\u00fcckweg nach Bad Ragaz, der ebenfalls wieder zu Fuss zur\u00fcckgelegt wurde. Dort bestaunten die Musikanten an der Bad RagARTz, Europas gr\u00f6sster Freiluft-Skulpturenausstellung, viele verschiedene Kunstwerke. Zum Abschluss der Musikreise gab es am sp\u00e4ten Nachmittag einen feinen Ap\u00e9ro im Restaurant \u201eFrom Heaven\u201c, bevor es mit dem Zug zur\u00fcck nach Heerbrugg ging. Es war f\u00fcr alle Beteiligten ein wundersch\u00f6ner Tag!<\/p>\n","protected":false},"excerpt":{"rendered":"<p>Am Samstag, dem 04.09.2021 fand die Musikreise des MVB statt. Petrus meinte es sehr gut mit den teilnehmenden Musikanten, der Anlass fand bei strahlend blauem Himmel und durchweg Sonnenschein statt. Per Zug ging es von Heerbrugg bis nach Bad Ragaz. Dort angekommen wanderten die Ausfl\u00fcgler auf der autofreien Naturstrasse entlang der wildromantischen Tamina bis zum &hellip; <a href=\"https:\/\/mv-balgach.ch\/?page_id=3213\" class=\"more-link\"><span class=\"screen-reader-text\">Musigausflug 2021<\/span> weiterlesen <span class=\"meta-nav\">&rarr;<\/span><\/a><\/p>\n","protected":false},"author":1,"featured_media":9886,"parent":52,"menu_order":68,"comment_status":"closed","ping_status":"closed","template":"","meta":{"ngg_post_thumbnail":0,"footnotes":""},"class_list":["post-3213","page","type-page","status-publish","has-post-thumbnail","hentry"],"_links":{"self":[{"href":"https:\/\/mv-balgach.ch\/index.php?rest_route=\/wp\/v2\/pages\/3213","targetHints":{"allow":["GET"]}}],"collection":[{"href":"https:\/\/mv-balgach.ch\/index.php?rest_route=\/wp\/v2\/pages"}],"about":[{"href":"https:\/\/mv-balgach.ch\/index.php?rest_route=\/wp\/v2\/types\/page"}],"author":[{"embeddable":true,"href":"https:\/\/mv-balgach.ch\/index.php?rest_route=\/wp\/v2\/users\/1"}],"replies":[{"embeddable":true,"href":"https:\/\/mv-balgach.ch\/index.php?rest_route=%2Fwp%2Fv2%2Fcomments&post=3213"}],"version-history":[{"count":3,"href":"https:\/\/mv-balgach.ch\/index.php?rest_route=\/wp\/v2\/pages\/3213\/revisions"}],"predecessor-version":[{"id":9902,"href":"https:\/\/mv-balgach.ch\/index.php?rest_route=\/wp\/v2\/pages\/3213\/revisions\/9902"}],"up":[{"embeddable":true,"href":"https:\/\/mv-balgach.ch\/index.php?rest_route=\/wp\/v2\/pages\/52"}],"wp:featuredmedia":[{"embeddable":true,"href":"https:\/\/mv-balgach.ch\/index.php?rest_route=\/wp\/v2\/media\/9886"}],"wp:attachment":[{"href":"https:\/\/mv-balgach.ch\/index.php?rest_route=%2Fwp%2Fv2%2Fmedia&parent=3213"}],"curies":[{"name":"wp","href":"https:\/\/api.w.org\/{rel}","templated":true}]}}