{"id":326,"date":"2014-08-02T22:41:58","date_gmt":"2014-08-02T20:41:58","guid":{"rendered":"http:\/\/wp.mv-balgach.ch\/?page_id=326"},"modified":"2023-10-02T08:46:44","modified_gmt":"2023-10-02T06:46:44","slug":"vorstand","status":"publish","type":"page","link":"https:\/\/mv-balgach.ch\/?page_id=326","title":{"rendered":"Vorstand"},"content":{"rendered":"<div class=\"wp-block-image\">\n<figure class=\"aligncenter size-large\"><a href=\"https:\/\/mv-balgach.ch\/wordpress\/wp-content\/uploads\/2023\/10\/Vorstand2023-scaled-e1696229058185.jpg\"><img loading=\"lazy\" decoding=\"async\" width=\"1024\" height=\"1024\" src=\"https:\/\/mv-balgach.ch\/wordpress\/wp-content\/uploads\/2023\/10\/Vorstand2023-scaled-e1696229058185-1024x1024.jpg\" alt=\"\" class=\"wp-image-10607\" srcset=\"https:\/\/mv-balgach.ch\/wordpress\/wp-content\/uploads\/2023\/10\/Vorstand2023-scaled-e1696229058185-1024x1024.jpg 1024w, https:\/\/mv-balgach.ch\/wordpress\/wp-content\/uploads\/2023\/10\/Vorstand2023-scaled-e1696229058185-300x300.jpg 300w, https:\/\/mv-balgach.ch\/wordpress\/wp-content\/uploads\/2023\/10\/Vorstand2023-scaled-e1696229058185-150x150.jpg 150w, https:\/\/mv-balgach.ch\/wordpress\/wp-content\/uploads\/2023\/10\/Vorstand2023-scaled-e1696229058185-768x768.jpg 768w, https:\/\/mv-balgach.ch\/wordpress\/wp-content\/uploads\/2023\/10\/Vorstand2023-scaled-e1696229058185-1536x1536.jpg 1536w, https:\/\/mv-balgach.ch\/wordpress\/wp-content\/uploads\/2023\/10\/Vorstand2023-scaled-e1696229058185.jpg 1920w\" sizes=\"auto, (max-width: 1024px) 100vw, 1024px\" \/><\/a><figcaption class=\"wp-element-caption\">Vorstand des Musikvereins Balgach (v.l.n.r.): Alexandra Metzler, Organisatorisches; Sonderegger-Metzler Franziska, Noten-, Uniformen- und Materialverwalterin sowie Vizepr\u00e4sidentin; Denise Meier, Kassierin; Seraina Wurster, Jugendmusikbetreuerin; Andr\u00e9 Breitenmoser, Musikalisches; Christine Schmidheiny, Pr\u00e4sidentin; Heike K\u00f6hler, Aktuarin<\/figcaption><\/figure><\/div>","protected":false},"excerpt":{"rendered":"","protected":false},"author":1,"featured_media":0,"parent":317,"menu_order":1,"comment_status":"closed","ping_status":"closed","template":"","meta":{"ngg_post_thumbnail":0,"footnotes":""},"class_list":["post-326","page","type-page","status-publish","hentry"],"_links":{"self":[{"href":"https:\/\/mv-balgach.ch\/index.php?rest_route=\/wp\/v2\/pages\/326","targetHints":{"allow":["GET"]}}],"collection":[{"href":"https:\/\/mv-balgach.ch\/index.php?rest_route=\/wp\/v2\/pages"}],"about":[{"href":"https:\/\/mv-balgach.ch\/index.php?rest_route=\/wp\/v2\/types\/page"}],"author":[{"embeddable":true,"href":"https:\/\/mv-balgach.ch\/index.php?rest_route=\/wp\/v2\/users\/1"}],"replies":[{"embeddable":true,"href":"https:\/\/mv-balgach.ch\/index.php?rest_route=%2Fwp%2Fv2%2Fcomments&post=326"}],"version-history":[{"count":3,"href":"https:\/\/mv-balgach.ch\/index.php?rest_route=\/wp\/v2\/pages\/326\/revisions"}],"predecessor-version":[{"id":10608,"href":"https:\/\/mv-balgach.ch\/index.php?rest_route=\/wp\/v2\/pages\/326\/revisions\/10608"}],"up":[{"embeddable":true,"href":"https:\/\/mv-balgach.ch\/index.php?rest_route=\/wp\/v2\/pages\/317"}],"wp:attachment":[{"href":"https:\/\/mv-balgach.ch\/index.php?rest_route=%2Fwp%2Fv2%2Fmedia&parent=326"}],"curies":[{"name":"wp","href":"https:\/\/api.w.org\/{rel}","templated":true}]}}