{"id":3433,"date":"2015-11-20T09:00:30","date_gmt":"2015-11-20T07:00:30","guid":{"rendered":"http:\/\/mv-balgach.ch\/?page_id=3433"},"modified":"2020-10-07T12:41:51","modified_gmt":"2020-10-07T10:41:51","slug":"jubilar-viktor-huerlimann","status":"publish","type":"page","link":"https:\/\/mv-balgach.ch\/?page_id=3433","title":{"rendered":"Kantonale Veteranen"},"content":{"rendered":"\nngg_shortcode_0_placeholder\n\n\n\n<p>Anl\u00e4sslich der Delegiertenversammlung vom Kreis Rheintal des St. Galler Blasmusikverbandes wurden am Samstag, den 3. Oktober im Metropolsaal in Widnau 17 Kantonale Veteranen geehrt.<br>Die Auszeichnung Kantonaler Verein wird erreicht mit einer 25 j\u00e4hrigen Mitgliedschaft in einem Blasmusikverein.<br><br>Der Musikverein Balgach stellte mit vier Veteranen die gr\u00f6sste Anzahl aller Vereine.<br><br>Vor der Delegiertenversammlung ehrte Kreis-Obfrau Verena Federli jeden und jede pers\u00f6nlich mit einer kurzen Laudatio. Die Geehrten erhielten ein Geschenk.<br><br>Die verdienten Musikantinnen und Musikanten k\u00f6nnen stolz sein auf ihr grosses Engagement w\u00e4hrend dieser Zeit: Proben, Auftritte, pers\u00f6nliches \u00dcben zuhause.<br>Nebst den die vielen Arbeitsstunden f\u00fcr die verschiedenen Vereinschargen die geleistet werden. F\u00fcr die jungen Musikanten sind sie ein Vorbild in Sachen Treue, Ehrgeiz, Ausdauer und Durchhaltewillen beim ihrem sch\u00f6nsten Hobby: Blasmusik.<br><strong><br>Die neuen vier Veteranen des Musikverein Balgach<\/strong><br><strong><br>Roger St\u00e4heli<br><\/strong>Roger trat 1995 nach 3 Jahren in der Jugendmusik als gelernter Schlagzeuger (Unterricht beim bekannten Schlagzeuger Orlando Ribar) und Perkussionist dem Aktivverein bei. Er ist der rhythmische \u00abMotor\u00bb des Vereins! Seit 2005 engagiert sich Roger im Vorstand und ist Leiter der Musikkommission. 2015 wurde er Ehrenmitglied des MVB.<br><br><strong>Hanspeter St\u00e4heli<br><\/strong>Der Bruder von Roger erlernte sein Instrument \u00abTenorhorn\u00bb vereinsintern und nachher an der Musikschule. Eintritt Jugendmusik Balgach 1990. Nach f\u00fcnf Jahren, 1995 wurde er in den Aktivverein aufgenommen. W\u00e4hrend den vielen Aktivjahren erlernte er zus\u00e4tzlich das Spielen auf der Posaune. Er erledigt diverse administrative Aufgaben: Organisation der Musikreise, Homepageverwaltung, Mitglied OK Organisatorisches usw. Auch er wurde 2015 Ehrenmitglied des MVB.<br><br><strong>Katrin Hutter \u2013 Tanner<br><\/strong>Die Trompete ist ihr \u00abInstrument\u00bb! Als 10\u2013J\u00e4hrige begann sie Trompetenunterricht zu nehmen. Von 1992 bis 1995 machte sie in der Jugendmusik Balgach mit. Nachher wechselte sie in den Aktivverein. Sie besuchte einige kantonale Musiklager und absolvierte den Unterstufenkurs. Sie war auch mehrere Jahre Materialverwalterin beim MVB. In ihrer Laufbahn spielt sie mit Erfolg in diversen anderen Formationen, parallel zum Musikverein, mit. 2015 wurde sie zum Ehrenmitglied des MVB ernannt.<br><br><strong>Daniel Graf<br><\/strong>Bereits 1988 begann Daniel mit dem Euphoniumunterricht. Nach 6 Jahren in der Jugendmusik wurde er 1995 in den Aktivverein aufgenommen. Im Verein war er 13 Jahre Vizepr\u00e4sident und gleichzeitig bekleidete er das Amt des Jugendmusikbetreuers. Er organisierte Probeweekends, diverse Lager, Auftritte und half die Unterhaltungsabende mitzugestalten. Wie sein Musikkollege Hanspeter erlernte er zus\u00e4tzlich das Spiel der Posaune. Er ist Ehrenmitglied des MVB seit 2013.<br><br>Der Musikverein Balgach gratuliert herzlich den vier Mitgliedern zur Ernennung zum kantonalen Veteran und hofft, noch lange mit ihnen im Verein musizieren zu d\u00fcrfen.<\/p>\n","protected":false},"excerpt":{"rendered":"<p>Anl\u00e4sslich der Delegiertenversammlung vom Kreis Rheintal des St. Galler Blasmusikverbandes wurden am Samstag, den 3. Oktober im Metropolsaal in Widnau 17 Kantonale Veteranen geehrt.Die Auszeichnung Kantonaler Verein wird erreicht mit einer 25 j\u00e4hrigen Mitgliedschaft in einem Blasmusikverein. Der Musikverein Balgach stellte mit vier Veteranen die gr\u00f6sste Anzahl aller Vereine. Vor der Delegiertenversammlung ehrte Kreis-Obfrau Verena &hellip; <a href=\"https:\/\/mv-balgach.ch\/?page_id=3433\" class=\"more-link\"><span class=\"screen-reader-text\">Kantonale Veteranen<\/span> weiterlesen <span class=\"meta-nav\">&rarr;<\/span><\/a><\/p>\n","protected":false},"author":1,"featured_media":9602,"parent":52,"menu_order":71,"comment_status":"closed","ping_status":"closed","template":"","meta":{"ngg_post_thumbnail":0,"footnotes":""},"class_list":["post-3433","page","type-page","status-publish","has-post-thumbnail","hentry"],"_links":{"self":[{"href":"https:\/\/mv-balgach.ch\/index.php?rest_route=\/wp\/v2\/pages\/3433","targetHints":{"allow":["GET"]}}],"collection":[{"href":"https:\/\/mv-balgach.ch\/index.php?rest_route=\/wp\/v2\/pages"}],"about":[{"href":"https:\/\/mv-balgach.ch\/index.php?rest_route=\/wp\/v2\/types\/page"}],"author":[{"embeddable":true,"href":"https:\/\/mv-balgach.ch\/index.php?rest_route=\/wp\/v2\/users\/1"}],"replies":[{"embeddable":true,"href":"https:\/\/mv-balgach.ch\/index.php?rest_route=%2Fwp%2Fv2%2Fcomments&post=3433"}],"version-history":[{"count":3,"href":"https:\/\/mv-balgach.ch\/index.php?rest_route=\/wp\/v2\/pages\/3433\/revisions"}],"predecessor-version":[{"id":9598,"href":"https:\/\/mv-balgach.ch\/index.php?rest_route=\/wp\/v2\/pages\/3433\/revisions\/9598"}],"up":[{"embeddable":true,"href":"https:\/\/mv-balgach.ch\/index.php?rest_route=\/wp\/v2\/pages\/52"}],"wp:featuredmedia":[{"embeddable":true,"href":"https:\/\/mv-balgach.ch\/index.php?rest_route=\/wp\/v2\/media\/9602"}],"wp:attachment":[{"href":"https:\/\/mv-balgach.ch\/index.php?rest_route=%2Fwp%2Fv2%2Fmedia&parent=3433"}],"curies":[{"name":"wp","href":"https:\/\/api.w.org\/{rel}","templated":true}]}}