{"id":349,"date":"2014-08-02T23:06:41","date_gmt":"2014-08-02T21:06:41","guid":{"rendered":"http:\/\/wp.mv-balgach.ch\/?page_id=349"},"modified":"2025-11-17T15:55:24","modified_gmt":"2025-11-17T13:55:24","slug":"geschichte","status":"publish","type":"page","link":"https:\/\/mv-balgach.ch\/?page_id=349","title":{"rendered":"Geschichte"},"content":{"rendered":"<h4>Kurzportrait Musikverein Balgach<\/h4>\n<p>Bereits 1826 spielte anl\u00e4sslich der Einweihung der Kath. Kirche eine Balgacher Blasmusikgruppe. 1830 gr\u00fcndeten Musikanten als 7. Verein im Kanton St. Gallen die &#8222;B\u00fcrgermusik&#8220;. 1892 gab sich die &#8222;Evang. Musikgesellschaft&#8220;, die sp\u00e4tere &#8222;Harmonie&#8220;, die ersten Statuten. Ein Zusammenschluss beider Vereine kam erst nach drei Anl\u00e4ufen 1930 unter einem \u00fcberparteilichen Gremium zustande. Als erstes \u00e4usseres Zeichen der Gemeinsamkeit beider Vereine trug man neue graue Filzh\u00fcte.1939 kaufte sich der Musikverein Balgach seine erste Uniform, welche er mit Stolz an der Landi 1939 pr\u00e4sentierte. Aus Anlass zum 150j\u00e4hrigen Bestehen im Jahre 1980 kleidete sich der Verein mit seiner dritten Uniform neu ein.<\/p>\n<p>Im Jahre 2005 feierte der Musikverein Balgach mit der Organisation und im Rahmen des Kreismusiktages sein 175j\u00e4hriges Bestehen. Bei diesem regionalen Anlass, an welchem rund 800 Musikantinnen und Musikanten von Rorschacherberg bis R\u00fcthi sich in Balgach zu einem friedlichen musikalischen Wettstreit trafen, durfte der Musikverein Balgach die vierte Uniform in seiner Vereinsgeschichte in Empfang nehmen.<\/p>\n<p>Seit 1980 besteht eine <a title=\"Jugendmusik\" href=\"http:\/\/mv-balgach.ch\/?page_id=351\">Jugendmusik<\/a>. J\u00e4hrlich wird f\u00fcr die rund 20 Jungmusikanten, welche sich meist im schulpflichtigen Alter befinden, ein Ausbildungslager durchgef\u00fchrt. Die Jugendmusik steht seit 2022 unter der Leitung von Anna-Joel W\u00fcst. Seit 1981 organisiert der Verein j\u00e4hrlich neben dem Unterhaltungsabend ein Kilbifest, welches bei der Dorfbev\u00f6lkerung und in der Region guten Anklang findet. Der Aktivverein spielt in Harmoniebesetzung in der 3. St\u00e4rkeklasse und steht seit 2020 unter dem Dirigentenstab von Michael Schl\u00e4pfer. Zurzeit z\u00e4hlt der Aktivverein rund 35 Mitglieder.<\/p>\n","protected":false},"excerpt":{"rendered":"<p>Kurzportrait Musikverein Balgach Bereits 1826 spielte anl\u00e4sslich der Einweihung der Kath. Kirche eine Balgacher Blasmusikgruppe. 1830 gr\u00fcndeten Musikanten als 7. Verein im Kanton St. Gallen die &#8222;B\u00fcrgermusik&#8220;. 1892 gab sich die &#8222;Evang. Musikgesellschaft&#8220;, die sp\u00e4tere &#8222;Harmonie&#8220;, die ersten Statuten. Ein Zusammenschluss beider Vereine kam erst nach drei Anl\u00e4ufen 1930 unter einem \u00fcberparteilichen Gremium zustande. Als &hellip; <a href=\"https:\/\/mv-balgach.ch\/?page_id=349\" class=\"more-link\"><span class=\"screen-reader-text\">Geschichte<\/span> weiterlesen <span class=\"meta-nav\">&rarr;<\/span><\/a><\/p>\n","protected":false},"author":1,"featured_media":0,"parent":0,"menu_order":6,"comment_status":"closed","ping_status":"closed","template":"","meta":{"ngg_post_thumbnail":0,"footnotes":""},"class_list":["post-349","page","type-page","status-publish","hentry"],"_links":{"self":[{"href":"https:\/\/mv-balgach.ch\/index.php?rest_route=\/wp\/v2\/pages\/349","targetHints":{"allow":["GET"]}}],"collection":[{"href":"https:\/\/mv-balgach.ch\/index.php?rest_route=\/wp\/v2\/pages"}],"about":[{"href":"https:\/\/mv-balgach.ch\/index.php?rest_route=\/wp\/v2\/types\/page"}],"author":[{"embeddable":true,"href":"https:\/\/mv-balgach.ch\/index.php?rest_route=\/wp\/v2\/users\/1"}],"replies":[{"embeddable":true,"href":"https:\/\/mv-balgach.ch\/index.php?rest_route=%2Fwp%2Fv2%2Fcomments&post=349"}],"version-history":[{"count":3,"href":"https:\/\/mv-balgach.ch\/index.php?rest_route=\/wp\/v2\/pages\/349\/revisions"}],"predecessor-version":[{"id":11321,"href":"https:\/\/mv-balgach.ch\/index.php?rest_route=\/wp\/v2\/pages\/349\/revisions\/11321"}],"wp:attachment":[{"href":"https:\/\/mv-balgach.ch\/index.php?rest_route=%2Fwp%2Fv2%2Fmedia&parent=349"}],"curies":[{"name":"wp","href":"https:\/\/api.w.org\/{rel}","templated":true}]}}