{"id":545,"date":"2014-08-23T14:51:22","date_gmt":"2014-08-23T12:51:22","guid":{"rendered":"http:\/\/wp.mv-balgach.ch\/?page_id=545"},"modified":"2014-08-24T00:12:18","modified_gmt":"2014-08-23T22:12:18","slug":"ueberblick","status":"publish","type":"page","link":"https:\/\/mv-balgach.ch\/?page_id=545","title":{"rendered":"\u00dcberblick"},"content":{"rendered":"<h4>Musikverein Balgach<\/h4>\n<p><strong>Erste Musikformation in Balgach<br \/>\n<\/strong>1826 spielte bereits anl\u00e4sslich der Einweihung der Kath. Kirche eine Balgacher Musikgruppe. 1830 gr\u00fcndeten die Musikanten einen Verein unter dem Namen &#8222;B\u00fcrgermusik&#8220;. Dies war der 7. Musikverein im Kanton St. Gallen (gem\u00e4ss Jakob B\u00f6sch: &#8222;Hof und Gemeinde Balgach&#8220;). Protokolle bis 1892 fehlen, da sie einem Brand zum Opfer fielen. Aufzeichnungen des Kath. Kirchenrates belegen aber die Existenz des Vereins, so an Fronleichnam 1842 oder an der Pfarreiinstallation 1884.<\/p>\n<p><strong>Zwei Musikvereine im Dorf<br \/>\n<\/strong>1892 gab sich die &#8222;Evang. Musikgesellschaft&#8220;, die sp\u00e4tere &#8222;Harmonie&#8220;, ihre ersten Statuten. Wohl war es gem\u00e4ss Aufzeichnungen anf\u00e4nglich nicht leicht, den jungen Verein trotz einer bereits 1896 erfolgten Statutenrevision zu festigen, doch im Laufe der Jahre wuchsen beide Vereine zu ansehnlichen Harmoniemusiken mit je ca. 25 Mann heran, &#8222;angetrieben durch das Gef\u00fchl, besser zu werden als die Nachbarin&#8220;.<\/p>\n<p><strong>Vereinsleben anno dazumal<br \/>\n<\/strong><a href=\"http:\/\/mv-balgach.ch\/wordpress\/wp-content\/uploads\/2014\/08\/G_Vereinsleben-anno-dazumal.jpg\"><img loading=\"lazy\" decoding=\"async\" class=\"alignleft wp-image-558 size-medium\" src=\"http:\/\/mv-balgach.ch\/wordpress\/wp-content\/uploads\/2014\/08\/G_Vereinsleben-anno-dazumal-300x207.jpg\" alt=\"G_Vereinsleben anno dazumal\" width=\"300\" height=\"207\" srcset=\"https:\/\/mv-balgach.ch\/wordpress\/wp-content\/uploads\/2014\/08\/G_Vereinsleben-anno-dazumal-300x207.jpg 300w, https:\/\/mv-balgach.ch\/wordpress\/wp-content\/uploads\/2014\/08\/G_Vereinsleben-anno-dazumal.jpg 840w\" sizes=\"auto, (max-width: 300px) 100vw, 300px\" \/><\/a>Als H\u00f6hepunkte des Vereinslebens werden Ausfl\u00fcge und Wirtschaftsbesuche erw\u00e4hnt, denn beide Vereine spielten an Sommersonntagen meist an beliebten Ausflugszielen, in Konzerts\u00e4len oder Gartenwirtschaften vor zahlreich erschienenem Publikum, das bei einem k\u00fchlen Bier und Blasmusik die Sorgen des Alltags vergessen konnte. Sp\u00e4ter wurden Konzert-, Tanz-, Theater- und Familienabende in S\u00e4len und der Dorfturnhalle vor oft begeistertem Publikum durchgef\u00fchrt, wie Protokollf\u00fchrer bemerken. 1908 erfolgt der Beitritt zum Rheintalischen Musikverband, und beide Vereine kehrten meist von musikalischen Wettk\u00e4mpfen kranzgeschm\u00fcckt in ihr Heimatdorf zur\u00fcck.<\/p>\n<p><strong>Einigkeit macht stark<br \/>\n<\/strong><a href=\"http:\/\/mv-balgach.ch\/wordpress\/wp-content\/uploads\/2014\/08\/G_Einigkeit-macht-stark.jpg\" rel=\"attachment wp-att-547\"><img loading=\"lazy\" decoding=\"async\" class=\"alignleft wp-image-547 size-medium\" src=\"http:\/\/mv-balgach.ch\/wordpress\/wp-content\/uploads\/2014\/08\/G_Einigkeit-macht-stark-300x234.jpg\" alt=\"\" width=\"300\" height=\"234\" srcset=\"https:\/\/mv-balgach.ch\/wordpress\/wp-content\/uploads\/2014\/08\/G_Einigkeit-macht-stark-300x234.jpg 300w, https:\/\/mv-balgach.ch\/wordpress\/wp-content\/uploads\/2014\/08\/G_Einigkeit-macht-stark.jpg 742w\" sizes=\"auto, (max-width: 300px) 100vw, 300px\" \/><\/a>Ein Zusammenschluss beider Vereine kam nach vergeblichen Versuchen in den Jahren 1921, 1923 und 1925 erst 1930 zustande unter dem &#8222;\u00fcberparteilichem&#8220; Gremium von Dr. C. Merz, Oberst H\u00e4usermann und A. Sonderegger zum R\u00f6ssli. Aus beiden Vereinen traten 43 bew\u00e4hrte Bl\u00e4ser in den neuen Verein \u00fcber. Am 21. Juni 1930 fand die erste gemeinsame Probe statt, und bereits vier Wochen sp\u00e4ter umrahmte der &#8222;Musikverein Balgach&#8220; mit seiner &#8222;Festmusik&#8220; den St. Gallischen Kantonalschwingertag in Balgach. Bald entwickelte sich eine flotte Kameradschaft. Um die Einigkeit auch nach aussen zu dokumentieren, trug man als erste &#8222;Uniform&#8220; graue Filzh\u00fcte mit schwarzem Band. An allen Musikfesten konnte der neue Verein sich gut plazieren, so im Jahre 1936 am Bundesmusikfest in Lustenau im ersten Rang, Kategorie mittelschwer.<\/p>\n<p><strong>Die erste Uniform<br \/>\n<\/strong><a href=\"http:\/\/mv-balgach.ch\/wordpress\/wp-content\/uploads\/2014\/08\/G_Die-erste-Uniform.jpg\" rel=\"attachment wp-att-546\"><img loading=\"lazy\" decoding=\"async\" class=\"alignleft wp-image-546 size-medium\" src=\"http:\/\/mv-balgach.ch\/wordpress\/wp-content\/uploads\/2014\/08\/G_Die-erste-Uniform-300x192.jpg\" alt=\"G_Die erste Uniform\" width=\"300\" height=\"192\" srcset=\"https:\/\/mv-balgach.ch\/wordpress\/wp-content\/uploads\/2014\/08\/G_Die-erste-Uniform-300x192.jpg 300w, https:\/\/mv-balgach.ch\/wordpress\/wp-content\/uploads\/2014\/08\/G_Die-erste-Uniform.jpg 800w\" sizes=\"auto, (max-width: 300px) 100vw, 300px\" \/><\/a>1939 konnte unter Mithilfe der Bev\u00f6lkerung die erste komplette, dunkelblaue Uniform angeschafft werden, welche die Musikanten voller Stolz an ihrem Ausflug an die &#8222;Landi&#8220; trugen. Der zweite Weltkrieg erschwerte die Probenarbeit sehr, und auch die Dirigentenfrage f\u00fchrte zu erheblichen Spannungen, so dass an der Hauptversammlung 1945 die Vereins- und Musikkommission sowie der Dirigent zur\u00fccktraten. Alle waren &#8222;amtsm\u00fcde!&#8220; Der junge Dorfarzt Dr. Jenny \u00fcbernahm das Pr\u00e4sidentenamt. Sein selbstloser Einsatz f\u00fchrte den Musikverein zu neuen Erfolgen. Davon seien erw\u00e4hnt der 2. Rang am Kantonal-Musikfest 1947 in Altst\u00e4tten, die Anschaffung der ersten Vereinsfahne 1953 und die 125-Jahr-Feier 1955. 1957 konnte sich der Verein am Eidgen\u00f6ssischen Musikfest in Z\u00fcrich einen Goldlorbeer an die Fahne heften wie auch 1965 am Kantonal-Musikfest in Widnau. 1959 erhielt der Verein die zweite schwarze Uniform mit der &#8222;Franzosenm\u00fctze&#8220;, in der er 1968 auch am unvergesslichen Blumenkorso in Nizza mitmarschierte.<\/p>\n<p><a href=\"http:\/\/mv-balgach.ch\/wordpress\/wp-content\/uploads\/2014\/08\/G_uniformen.jpg\"><img loading=\"lazy\" decoding=\"async\" class=\"alignleft size-medium wp-image-556\" src=\"http:\/\/mv-balgach.ch\/wordpress\/wp-content\/uploads\/2014\/08\/G_uniformen-300x200.jpg\" alt=\"G_uniformen\" width=\"300\" height=\"200\" srcset=\"https:\/\/mv-balgach.ch\/wordpress\/wp-content\/uploads\/2014\/08\/G_uniformen-300x200.jpg 300w, https:\/\/mv-balgach.ch\/wordpress\/wp-content\/uploads\/2014\/08\/G_uniformen.jpg 800w\" sizes=\"auto, (max-width: 300px) 100vw, 300px\" \/><\/a><a href=\"http:\/\/mv-balgach.ch\/wordpress\/wp-content\/uploads\/2014\/08\/G_Uniform_eidg-musikfest.jpg\"><img loading=\"lazy\" decoding=\"async\" class=\"alignright size-medium wp-image-555\" src=\"http:\/\/mv-balgach.ch\/wordpress\/wp-content\/uploads\/2014\/08\/G_Uniform_eidg-musikfest-300x194.jpg\" alt=\"G_Uniform_eidg musikfest\" width=\"300\" height=\"194\" srcset=\"https:\/\/mv-balgach.ch\/wordpress\/wp-content\/uploads\/2014\/08\/G_Uniform_eidg-musikfest-300x194.jpg 300w, https:\/\/mv-balgach.ch\/wordpress\/wp-content\/uploads\/2014\/08\/G_Uniform_eidg-musikfest.jpg 800w\" sizes=\"auto, (max-width: 300px) 100vw, 300px\" \/><\/a><\/p>\n<p>&nbsp;<\/p>\n<p>&nbsp;<\/p>\n<p>&nbsp;<\/p>\n<p>&nbsp;<\/p>\n<p>&nbsp;<\/p>\n<p><strong>Neuinstrumentierung<\/strong><br \/>\n<a href=\"http:\/\/mv-balgach.ch\/wordpress\/wp-content\/uploads\/2014\/08\/G_Neuinstrumentierung.jpg\" rel=\"attachment wp-att-554\"><img loading=\"lazy\" decoding=\"async\" class=\"alignleft wp-image-554 size-medium\" src=\"http:\/\/mv-balgach.ch\/wordpress\/wp-content\/uploads\/2014\/08\/G_Neuinstrumentierung-300x214.jpg\" alt=\"G_Neuinstrumentierung\" width=\"300\" height=\"214\" srcset=\"https:\/\/mv-balgach.ch\/wordpress\/wp-content\/uploads\/2014\/08\/G_Neuinstrumentierung-300x214.jpg 300w, https:\/\/mv-balgach.ch\/wordpress\/wp-content\/uploads\/2014\/08\/G_Neuinstrumentierung.jpg 800w\" sizes=\"auto, (max-width: 300px) 100vw, 300px\" \/><\/a>1974 wurde der Verein unter dem Pr\u00e4sidium von Heinrich L\u00fcchinger neu instrumentiert. 1980 feierte der Musikverein, verbunden mit einer Neuuniformierung, das Jubil\u00e4um &#8222;150 Jahre Blasmusik in Balgach&#8220;. Unter Pr\u00e4sident Bruno B\u00fcchel begann eine gezielte Jungbl\u00e4serausbildung, die von Hansueli N\u00fcesch betreut und sp\u00e4ter von Ernst N\u00fcesch ausgebaut wurde. Die Jungbl\u00e4sergruppe umfasst bis heute ca. 25 M\u00e4dchen und Knaben, welche teils von Privatlehrern oder an der Musikschule Mittelrheintal Instrumentalunterricht erhalten. Seit 1981 organisiert der Verein neben dem traditionellen Unterhaltungsabend j\u00e4hrlich ein Kilbifest bei der Dorfturnhalle, das bei der Bev\u00f6lkerung nach wie vor guten Anklang findet. 1983 \u00fcbernahm wiederum Heinrich L\u00fcchinger, der 1978 zum Ehrenpr\u00e4sidenten ernannt wurde, das Pr\u00e4sidium des Vereins bis 1989.<\/p>\n<p><a href=\"http:\/\/mv-balgach.ch\/wordpress\/wp-content\/uploads\/2014\/08\/G_Unterhaltungsabend.jpg\" rel=\"attachment wp-att-557\"><img loading=\"lazy\" decoding=\"async\" class=\"alignleft wp-image-557 size-medium\" src=\"http:\/\/mv-balgach.ch\/wordpress\/wp-content\/uploads\/2014\/08\/G_Unterhaltungsabend-300x201.jpg\" alt=\"G_Unterhaltungsabend\" width=\"300\" height=\"201\" srcset=\"https:\/\/mv-balgach.ch\/wordpress\/wp-content\/uploads\/2014\/08\/G_Unterhaltungsabend-300x201.jpg 300w, https:\/\/mv-balgach.ch\/wordpress\/wp-content\/uploads\/2014\/08\/G_Unterhaltungsabend.jpg 800w\" sizes=\"auto, (max-width: 300px) 100vw, 300px\" \/><\/a><a href=\"http:\/\/mv-balgach.ch\/wordpress\/wp-content\/uploads\/2014\/08\/G_Jubil\u00e4um.jpg\" rel=\"attachment wp-att-551\"><img loading=\"lazy\" decoding=\"async\" class=\"alignright wp-image-551 size-medium\" src=\"http:\/\/mv-balgach.ch\/wordpress\/wp-content\/uploads\/2014\/08\/G_Jubil\u00e4um-300x214.jpg\" alt=\"G_Jubil\u00e4um\" width=\"300\" height=\"214\" srcset=\"https:\/\/mv-balgach.ch\/wordpress\/wp-content\/uploads\/2014\/08\/G_Jubil\u00e4um-300x214.jpg 300w, https:\/\/mv-balgach.ch\/wordpress\/wp-content\/uploads\/2014\/08\/G_Jubil\u00e4um.jpg 800w\" sizes=\"auto, (max-width: 300px) 100vw, 300px\" \/><\/a><\/p>\n<p>&nbsp;<\/p>\n<p>&nbsp;<\/p>\n<p>&nbsp;<\/p>\n<p>&nbsp;<\/p>\n<p>&nbsp;<\/p>\n<p><strong>Eine neue Vereinsfahne<\/strong><br \/>\n<a href=\"http:\/\/mv-balgach.ch\/wordpress\/wp-content\/uploads\/2014\/08\/G_Fahnen.jpg\" rel=\"attachment wp-att-550\"><img loading=\"lazy\" decoding=\"async\" class=\"alignleft wp-image-550 size-medium\" src=\"http:\/\/mv-balgach.ch\/wordpress\/wp-content\/uploads\/2014\/08\/G_Fahnen-286x300.jpg\" alt=\"G_Fahnen\" width=\"286\" height=\"300\" srcset=\"https:\/\/mv-balgach.ch\/wordpress\/wp-content\/uploads\/2014\/08\/G_Fahnen-286x300.jpg 286w, https:\/\/mv-balgach.ch\/wordpress\/wp-content\/uploads\/2014\/08\/G_Fahnen.jpg 788w\" sizes=\"auto, (max-width: 286px) 100vw, 286px\" \/><\/a>1990 erhielt der Verein eine neue, gef\u00e4llige Vereinsfahne. 1991, im Jubil\u00e4umsjahr &#8222;1100 Jahre Balgach&#8220;, wirkte der Musikverein in vielen Veranstaltungen mit, u.a. am Festspiel und Winzerfest. Guten Anklang fanden in den neunziger Jahren in der Dorfturnhalle die Vereinsabende, gestaltet von Jakob Tanner und Ernst N\u00fcesch. Sie waren in ein bestimmtes Motto eingebettet und stets etwas mit Dorfpolitik durchmischt, was bei den Besuchern sehr gut ankam. 45 Aktivmusikanten jeglichen Alters, der j\u00fcngste z\u00e4hlte 15 Jahre, der \u00e4lteste 73 Jahre, waren bestrebt, mit ihrem Spiel in Freud und Leid der Dorfgemeinschaft zu dienen. Im Verlaufe der weiteren Jahre ist der Mitgliederbestand auf ca. 25 aktive Mitglieder geschrumpft, obwohl Balgach im Jahre 2004 \u00fcber 4&#8217;000 Einwohner z\u00e4hlt. Man will sich nicht mehr in einen Verein einbinden lassen, der im Verlaufe eines Jahres viele \u00f6ffentliche Auftritte zu bestreiten hat, sei es f\u00fcr Korporationen, die beiden Kirchgemeinden und andere Vereine, welche Jubil\u00e4en feiern.<\/p>\n<p><a href=\"http:\/\/mv-balgach.ch\/wordpress\/wp-content\/uploads\/2014\/08\/G_mvb1984.jpg\" rel=\"attachment wp-att-553\"><img loading=\"lazy\" decoding=\"async\" class=\"alignleft wp-image-553 size-medium\" src=\"http:\/\/mv-balgach.ch\/wordpress\/wp-content\/uploads\/2014\/08\/G_mvb1984-300x202.jpg\" alt=\"G_mvb1984\" width=\"300\" height=\"202\" srcset=\"https:\/\/mv-balgach.ch\/wordpress\/wp-content\/uploads\/2014\/08\/G_mvb1984-300x202.jpg 300w, https:\/\/mv-balgach.ch\/wordpress\/wp-content\/uploads\/2014\/08\/G_mvb1984.jpg 800w\" sizes=\"auto, (max-width: 300px) 100vw, 300px\" \/><\/a><a href=\"http:\/\/mv-balgach.ch\/wordpress\/wp-content\/uploads\/2014\/08\/G_kreismusiktag1993.jpg\" rel=\"attachment wp-att-552\"><img loading=\"lazy\" decoding=\"async\" class=\"alignright wp-image-552 size-medium\" src=\"http:\/\/mv-balgach.ch\/wordpress\/wp-content\/uploads\/2014\/08\/G_kreismusiktag1993-300x178.jpg\" alt=\"G_kreismusiktag1993\" width=\"300\" height=\"178\" srcset=\"https:\/\/mv-balgach.ch\/wordpress\/wp-content\/uploads\/2014\/08\/G_kreismusiktag1993-300x178.jpg 300w, https:\/\/mv-balgach.ch\/wordpress\/wp-content\/uploads\/2014\/08\/G_kreismusiktag1993.jpg 800w\" sizes=\"auto, (max-width: 300px) 100vw, 300px\" \/><\/a><\/p>\n<p>&nbsp;<\/p>\n<p>&nbsp;<\/p>\n<p>&nbsp;<\/p>\n<p><a href=\"http:\/\/mv-balgach.ch\/wordpress\/wp-content\/uploads\/2014\/08\/G_Einladung-Unterhaltung-1992.jpg\" rel=\"attachment wp-att-548\"><img loading=\"lazy\" decoding=\"async\" class=\"alignleft wp-image-548 size-medium\" src=\"http:\/\/mv-balgach.ch\/wordpress\/wp-content\/uploads\/2014\/08\/G_Einladung-Unterhaltung-1992-241x300.jpg\" alt=\"G_Einladung Unterhaltung 1992\" width=\"241\" height=\"300\" srcset=\"https:\/\/mv-balgach.ch\/wordpress\/wp-content\/uploads\/2014\/08\/G_Einladung-Unterhaltung-1992-241x300.jpg 241w, https:\/\/mv-balgach.ch\/wordpress\/wp-content\/uploads\/2014\/08\/G_Einladung-Unterhaltung-1992.jpg 467w\" sizes=\"auto, (max-width: 241px) 100vw, 241px\" \/><\/a><a href=\"http:\/\/mv-balgach.ch\/wordpress\/wp-content\/uploads\/2014\/08\/G_erntedank_laerchenhof.jpg\" rel=\"attachment wp-att-549\"><img loading=\"lazy\" decoding=\"async\" class=\"alignright wp-image-549 size-medium\" src=\"http:\/\/mv-balgach.ch\/wordpress\/wp-content\/uploads\/2014\/08\/G_erntedank_laerchenhof-300x203.jpg\" alt=\"\" width=\"300\" height=\"203\" srcset=\"https:\/\/mv-balgach.ch\/wordpress\/wp-content\/uploads\/2014\/08\/G_erntedank_laerchenhof-300x203.jpg 300w, https:\/\/mv-balgach.ch\/wordpress\/wp-content\/uploads\/2014\/08\/G_erntedank_laerchenhof-1024x693.jpg 1024w, https:\/\/mv-balgach.ch\/wordpress\/wp-content\/uploads\/2014\/08\/G_erntedank_laerchenhof.jpg 1905w\" sizes=\"auto, (max-width: 300px) 100vw, 300px\" \/><\/a><\/p>\n","protected":false},"excerpt":{"rendered":"<p>Musikverein Balgach Erste Musikformation in Balgach 1826 spielte bereits anl\u00e4sslich der Einweihung der Kath. Kirche eine Balgacher Musikgruppe. 1830 gr\u00fcndeten die Musikanten einen Verein unter dem Namen &#8222;B\u00fcrgermusik&#8220;. Dies war der 7. Musikverein im Kanton St. Gallen (gem\u00e4ss Jakob B\u00f6sch: &#8222;Hof und Gemeinde Balgach&#8220;). Protokolle bis 1892 fehlen, da sie einem Brand zum Opfer fielen. &hellip; <a href=\"https:\/\/mv-balgach.ch\/?page_id=545\" class=\"more-link\"><span class=\"screen-reader-text\">\u00dcberblick<\/span> weiterlesen <span class=\"meta-nav\">&rarr;<\/span><\/a><\/p>\n","protected":false},"author":1,"featured_media":0,"parent":349,"menu_order":1,"comment_status":"closed","ping_status":"closed","template":"","meta":{"ngg_post_thumbnail":0,"footnotes":""},"class_list":["post-545","page","type-page","status-publish","hentry"],"_links":{"self":[{"href":"https:\/\/mv-balgach.ch\/index.php?rest_route=\/wp\/v2\/pages\/545","targetHints":{"allow":["GET"]}}],"collection":[{"href":"https:\/\/mv-balgach.ch\/index.php?rest_route=\/wp\/v2\/pages"}],"about":[{"href":"https:\/\/mv-balgach.ch\/index.php?rest_route=\/wp\/v2\/types\/page"}],"author":[{"embeddable":true,"href":"https:\/\/mv-balgach.ch\/index.php?rest_route=\/wp\/v2\/users\/1"}],"replies":[{"embeddable":true,"href":"https:\/\/mv-balgach.ch\/index.php?rest_route=%2Fwp%2Fv2%2Fcomments&post=545"}],"version-history":[{"count":24,"href":"https:\/\/mv-balgach.ch\/index.php?rest_route=\/wp\/v2\/pages\/545\/revisions"}],"predecessor-version":[{"id":647,"href":"https:\/\/mv-balgach.ch\/index.php?rest_route=\/wp\/v2\/pages\/545\/revisions\/647"}],"up":[{"embeddable":true,"href":"https:\/\/mv-balgach.ch\/index.php?rest_route=\/wp\/v2\/pages\/349"}],"wp:attachment":[{"href":"https:\/\/mv-balgach.ch\/index.php?rest_route=%2Fwp%2Fv2%2Fmedia&parent=545"}],"curies":[{"name":"wp","href":"https:\/\/api.w.org\/{rel}","templated":true}]}}