{"id":592,"date":"2014-08-23T18:26:47","date_gmt":"2014-08-23T16:26:47","guid":{"rendered":"http:\/\/wp.mv-balgach.ch\/?page_id=592"},"modified":"2014-08-24T00:14:42","modified_gmt":"2014-08-23T22:14:42","slug":"harmonie-evang-musikgesellschaft","status":"publish","type":"page","link":"https:\/\/mv-balgach.ch\/?page_id=592","title":{"rendered":"Harmonie (Evang. Musikgesellschaft)"},"content":{"rendered":"<p>Im Folgenden seien zun\u00e4chst ein paar H\u00f6hepunkte und Reminiszenzen der evangelischen &#8222;Balgermusig&#8220; aufgef\u00fchrt. Bei der Gr\u00fcndung 1890 z\u00e4hlte der junge Verein 18 Mitglieder. Das Pr\u00e4sidium f\u00fchrte Isaak Messmer. Am 23. Juli 1896 wirkte der Verein auf Einladung an der Hochzeitsfeier von Ernst Schmidheiny, Heerbrugg, mit. In die Kasse floss ein Unkostenbeitrag von 50 Franken. Am 6. Juli 1898 wurde an der Hauptversammlung ein Antrag zum Beschluss erhoben, man wolle den Kassabestand um vier Glas Bier pro Person schm\u00e4lern. Die Musikanten besassen schon von jeher durstige Kehlen!<\/p>\n<p>Im Mai 1904 wirkte der Musikverein bei Vorstellungen des Zirkus Nock in Balgach, Widnau, Lustenau und Heerbrugg gegen eine Entsch\u00e4digung von 15 Franken pro Auftritt und freie Fahrt mit. Bei der Einweihung der Turnhalle im Jahre 1906 traten die beiden Musikvereine gemeinsam auf. Im Jahre 1907 kauften die Musikanten dem Musikverein Oberriet zum Preis von je 162 Franken \u00e4ltere Uniformen ab. In den Statuten, die sich der Verein gab, wurde f\u00fcr das unentschuldigte Wegbleiben von der Probe eine Busse von 50 Rappen festgesetzt.<\/p>\n<p>1908 erfolgte der Beitritt zum Rheintalischen Musikverband. Im gleichen Jahr gab der Musikverein in den Restaurants &#8222;Stadt Mailand&#8220; und &#8222;Turin&#8220; in Heerbrugg St\u00e4ndchen. F\u00fcr den Uneingeweihten: In Heerbrugg wohnten damals viele Italiener. Die beiden Wirtschaften an der Berneckerstrasse trugen deshalb italienische Namen: &#8222;Citt\u00e0 di Milano&#8220; (sp\u00e4teres Lehrlingsheim der damaligen Firma Wild) und &#8222;Torino&#8220; (heute &#8222;Rh\u00e4tia&#8220;). Im gleichen Jahr f\u00fchrten die Musikvereine Balgach und Heerbrugg im Restaurant &#8222;Neuheim&#8220; (sp\u00e4ter &#8222;Central&#8220;, dann Stadler AG, heute Kunsttreff) ein gemeinsames Kappenfest durch. 1909 nahmen die Balgacher Musikanten an einem Festumzug in Bregenz teil, dem auch der \u00f6sterreichische Kaiser Franz-Joseph beiwohnte. 1910 erkl\u00e4rte Johann Keel den Austritt aus dem Verein, ohne seine Bussen bezahlt zu haben. Der Verein gelangte vor das Vermittleramt, zog aber den K\u00fcrzeren. Weil der renitente Ausgetretene minderj\u00e4hrig war, konnte er nicht geb\u00fcsst werden, und der Verein musste wohl oder \u00fcbel die Vermittlungskosten von 5 Franken bezahlen. Am Thurgauischen Kantonal-Musikfest in Kreuzlingen im Jahre 1912 hatten die 11 Musikanten ein solches Lampenfieber, dass es der Dirigent f\u00fcr besser fand, mit seinen Bl\u00e4sern die Festhalle zu verlassen und auf die Insel Mainau zu fahren, was dann auch geschah. Beruhigt von der Seefahrt, traten die Mannen den Wettkampf mit den \u00fcbrigen neun Konkurrenten an und siehe da: Sie erspielten sich einen guten 4. Rang.<\/p>\n<p>Untenstehend zwei Inserate aus dem Mittelrheintalischen Anzeiger f\u00fcr die Abend-Unterhaltung vom 13. Jan. 1913.<\/p>\n<p><a href=\"http:\/\/mv-balgach.ch\/wordpress\/wp-content\/uploads\/2014\/08\/G_Abend-Unterhaltung-1913-1.jpg\"><img loading=\"lazy\" decoding=\"async\" class=\"alignleft wp-image-594 size-medium\" src=\"http:\/\/mv-balgach.ch\/wordpress\/wp-content\/uploads\/2014\/08\/G_Abend-Unterhaltung-1913-1-208x300.jpg\" alt=\"G_Abend-Unterhaltung 1913-1\" width=\"208\" height=\"300\" srcset=\"https:\/\/mv-balgach.ch\/wordpress\/wp-content\/uploads\/2014\/08\/G_Abend-Unterhaltung-1913-1-208x300.jpg 208w, https:\/\/mv-balgach.ch\/wordpress\/wp-content\/uploads\/2014\/08\/G_Abend-Unterhaltung-1913-1-712x1024.jpg 712w, https:\/\/mv-balgach.ch\/wordpress\/wp-content\/uploads\/2014\/08\/G_Abend-Unterhaltung-1913-1.jpg 1333w\" sizes=\"auto, (max-width: 208px) 100vw, 208px\" \/><\/a><a href=\"http:\/\/mv-balgach.ch\/wordpress\/wp-content\/uploads\/2014\/08\/G_Abend-Unterhaltung-1913-2.jpg\"><img loading=\"lazy\" decoding=\"async\" class=\"alignright wp-image-595 size-medium\" src=\"http:\/\/mv-balgach.ch\/wordpress\/wp-content\/uploads\/2014\/08\/G_Abend-Unterhaltung-1913-2-300x225.jpg\" alt=\"G_Abend-Unterhaltung 1913-2\" width=\"300\" height=\"225\" srcset=\"https:\/\/mv-balgach.ch\/wordpress\/wp-content\/uploads\/2014\/08\/G_Abend-Unterhaltung-1913-2-300x225.jpg 300w, https:\/\/mv-balgach.ch\/wordpress\/wp-content\/uploads\/2014\/08\/G_Abend-Unterhaltung-1913-2-1024x770.jpg 1024w, https:\/\/mv-balgach.ch\/wordpress\/wp-content\/uploads\/2014\/08\/G_Abend-Unterhaltung-1913-2.jpg 1340w\" sizes=\"auto, (max-width: 300px) 100vw, 300px\" \/><\/a><\/p>\n<p>&nbsp;<\/p>\n<p>&nbsp;<\/p>\n<p>&nbsp;<\/p>\n<p>&nbsp;<\/p>\n<p>&nbsp;<\/p>\n<p>&nbsp;<\/p>\n<p>&nbsp;<\/p>\n<p>1914 besuchte der Musikverein &#8222;Harmonie&#8220; die Eidgen\u00f6ssiche Landesausstellung in Bern. Morgens um halb 3 Uhr musste der Fuhrmann geweckt werden, um die Musikanten mit Ross und Wagen auf den ersten Zug nach St. Margrethen zu bringen. Am Armeetag am 21. Juli 1918 fanden sich B\u00fcrgermusik und Harmonie zu gemeinsamen Musizieren zusammen. Die Hoffnung auf Verschmelzung trieb neue Bl\u00fcten. Auch am 27. Juni 1920 f\u00fchrten die beiden Musikgesellschaften einen gemeinsamen Musiktag durch. Am Musikfest Lustenaus vom 15. August 1921 erzielte der Musikverein einen ersten Rang mit Lorbeerkranz. 1923 konkurrierte der Verein am Musikfest in Widnau in der Kategorie &#8222;Schwere Musik&#8220; und wurde mit 41 Punkten mit dem 2. Rang ausgezeichnet. Erste R\u00e4nge erreichte er auch 1924 am Musikfest in H\u00f6chst (106 Punkte) und in der Mittelschweren Kategorie den 1. Rang am Musikfest in Lindau i.B.<\/p>\n<p>1927 wagte sich der Verein erstmals in La Chaux-de-Fonds an ein Eidgen\u00f6ssisches Musikfest und holte sich mit 91 Punkten einen Lorbeerkranz.<\/p>\n\n<table id=\"tablepress-8\" class=\"tablepress tablepress-id-8\">\n<tbody class=\"row-striping row-hover\">\n<tr class=\"row-1\">\n\t<td class=\"column-1\">1892<\/td><td class=\"column-2\">Erste Statuten<\/td>\n<\/tr>\n<tr class=\"row-2\">\n\t<td class=\"column-1\">1904<\/td><td class=\"column-2\">Mitwirkung bei Vorstellungen des Zirkus Nock in Balgach, Widnau, Heerbrugg und Lustenau<\/td>\n<\/tr>\n<tr class=\"row-3\">\n\t<td class=\"column-1\">1907<\/td><td class=\"column-2\">Anschaffung von \u00e4lteren Uniformen<\/td>\n<\/tr>\n<tr class=\"row-4\">\n\t<td class=\"column-1\">1910<\/td><td class=\"column-2\">Beitritt zum Rheintalischen Musikverband<\/td>\n<\/tr>\n<tr class=\"row-5\">\n\t<td class=\"column-1\">1912<\/td><td class=\"column-2\">Teilnahme am Thurgauischen Kantonalmusikfest in Kreuzlingen - 4. Rang<\/td>\n<\/tr>\n<tr class=\"row-6\">\n\t<td class=\"column-1\">1914<\/td><td class=\"column-2\">Besuch der Eidgen\u00f6ssischen Landesausstellung in Bern<\/td>\n<\/tr>\n<tr class=\"row-7\">\n\t<td class=\"column-1\">1923<\/td><td class=\"column-2\">Musikfest in Widnau - 2. Rang, Kategorie \"schwere Musik\"<\/td>\n<\/tr>\n<tr class=\"row-8\">\n\t<td class=\"column-1\">1924<\/td><td class=\"column-2\">Musikfest in H\u00f6chst - 1. Rang<\/td>\n<\/tr>\n<tr class=\"row-9\">\n\t<td class=\"column-1\">1925<\/td><td class=\"column-2\">Musikfest in Lindau - 1. Rang, Kategorie \"mittelschwere Musik\", Goldlorbeer<\/td>\n<\/tr>\n<tr class=\"row-10\">\n\t<td class=\"column-1\">1927<\/td><td class=\"column-2\">Eidgen\u00f6ssisches Musikfest in La Chaux-de-Fonds - Lorbeerkranz<br \/>\nVorarlberger Musikfest in Dornbirn, mittelschwere Kategorie - Lorbeer<\/td>\n<\/tr>\n<tr class=\"row-11\">\n\t<td class=\"column-1\">1930<\/td><td class=\"column-2\">Aufl\u00f6sung infolge Verschmelzung mit \"B\u00fcrgermusik\" <\/td>\n<\/tr>\n<\/tbody>\n<\/table>\n<!-- #tablepress-8 from cache -->\n","protected":false},"excerpt":{"rendered":"<p>Im Folgenden seien zun\u00e4chst ein paar H\u00f6hepunkte und Reminiszenzen der evangelischen &#8222;Balgermusig&#8220; aufgef\u00fchrt. Bei der Gr\u00fcndung 1890 z\u00e4hlte der junge Verein 18 Mitglieder. Das Pr\u00e4sidium f\u00fchrte Isaak Messmer. Am 23. Juli 1896 wirkte der Verein auf Einladung an der Hochzeitsfeier von Ernst Schmidheiny, Heerbrugg, mit. In die Kasse floss ein Unkostenbeitrag von 50 Franken. Am &hellip; <a href=\"https:\/\/mv-balgach.ch\/?page_id=592\" class=\"more-link\"><span class=\"screen-reader-text\">Harmonie (Evang. Musikgesellschaft)<\/span> weiterlesen <span class=\"meta-nav\">&rarr;<\/span><\/a><\/p>\n","protected":false},"author":1,"featured_media":0,"parent":545,"menu_order":3,"comment_status":"closed","ping_status":"closed","template":"","meta":{"ngg_post_thumbnail":0,"footnotes":""},"class_list":["post-592","page","type-page","status-publish","hentry"],"_links":{"self":[{"href":"https:\/\/mv-balgach.ch\/index.php?rest_route=\/wp\/v2\/pages\/592","targetHints":{"allow":["GET"]}}],"collection":[{"href":"https:\/\/mv-balgach.ch\/index.php?rest_route=\/wp\/v2\/pages"}],"about":[{"href":"https:\/\/mv-balgach.ch\/index.php?rest_route=\/wp\/v2\/types\/page"}],"author":[{"embeddable":true,"href":"https:\/\/mv-balgach.ch\/index.php?rest_route=\/wp\/v2\/users\/1"}],"replies":[{"embeddable":true,"href":"https:\/\/mv-balgach.ch\/index.php?rest_route=%2Fwp%2Fv2%2Fcomments&post=592"}],"version-history":[{"count":7,"href":"https:\/\/mv-balgach.ch\/index.php?rest_route=\/wp\/v2\/pages\/592\/revisions"}],"predecessor-version":[{"id":650,"href":"https:\/\/mv-balgach.ch\/index.php?rest_route=\/wp\/v2\/pages\/592\/revisions\/650"}],"up":[{"embeddable":true,"href":"https:\/\/mv-balgach.ch\/index.php?rest_route=\/wp\/v2\/pages\/545"}],"wp:attachment":[{"href":"https:\/\/mv-balgach.ch\/index.php?rest_route=%2Fwp%2Fv2%2Fmedia&parent=592"}],"curies":[{"name":"wp","href":"https:\/\/api.w.org\/{rel}","templated":true}]}}