{"id":602,"date":"2014-08-23T18:34:51","date_gmt":"2014-08-23T16:34:51","guid":{"rendered":"http:\/\/wp.mv-balgach.ch\/?page_id=602"},"modified":"2014-08-24T00:18:47","modified_gmt":"2014-08-23T22:18:47","slug":"die-erste-fahnenweihe-des-mvb-1953","status":"publish","type":"page","link":"https:\/\/mv-balgach.ch\/?page_id=602","title":{"rendered":"Die erste Fahnenweihe des MVB 1953"},"content":{"rendered":"<p>&#8222;Machs churz!&#8220; war das Motto, das der damalige Pr\u00e4sident Dr. G. Jenny an den Anfang der Hauptversammlung vom 31. Januar 1953 im Rest. Sternen Heerbrugg setzte, denn es mussten 19 Traktanden bearbeitet werden, darunter Traktandum 17: Fahnenweihe 1954! Der Verein beschloss aber \u00fcberraschend, die Fahnenweihe bereits am Pfingstmontag 1953 durchzuf\u00fchren. Hing das Motto &#8222;Machs churz&#8220; auch damit zusammen, dass die Musikanten es kaum erwarten konnten, bis nach der Hauptversammlung der Sch\u00fcblig mit Kartoffelsalat serviert wurde?<br \/>\nAn der 1. OK-Sitzung unter dem Pr\u00e4sidium von Dr. Jenny wurde der Pfingstmontag, 25. Mai 1953 als Festtag festgelegt, als Verschiebedatum der 31. Mai 1953, weil damals f\u00fcr die Zuschauer kein Festzelt aufgebaut wurde, sondern nur eine Festbestuhlung f\u00fcr ca. 1000 Personen auf der R\u00f6ssliwiese. F\u00fcr den Fahnenweihakt und die musizierenden Vereine, am Abend auch f\u00fcr die Tanzpaare, baute man eine B\u00fchne mit \u00dcberdachung.<\/p>\n<p><strong>Finanzierung der Fahne<\/strong><br \/>\nBereits damals war es Brauch, dass bei der Einweihung einer Vereinsfahne eine Gotte und ein G\u00f6tti Pate standen. Dieses Ehrenamt \u00fcbernahmen 1953 Frau Frieda Sonderegger, Rest.R\u00f6ssli und Johann Oehler, Heerbrugg. Der Fahnenpate nahm aber gem\u00e4ss Protokoll das Amt nur unter der Bedingung an, wenn er keine lange Rede halten m\u00fcsse. Die Kosten der Fahne betrugen 1&#8217;215.- Franken. Mit einer Sammlung deckten die Balgacher Musikanten diese Auslage. Der damalige Cinellist und Berichterstatter schreibt dazu im Protokoll:<\/p>\n<blockquote><p>\u2026 Statt in die Probe, geht alles auf den Bettel,<br \/>\nin jedem Haus wird vorgelegt ein grosser Zettel,<br \/>\nwenn auch viel kleine Zahlen sind darauf geschrieben,<br \/>\nzuletzt gibt es doch etlich Mal 15 mal sieben.<br \/>\nDas ganze Volk gibt gern f\u00fcr uns, o welche Freude,<br \/>\ndie Fahne ist gesichert, dazu noch ganz aus Seide.<br \/>\nZu guter Letzt und das ist ja das Sch\u00f6ne,<br \/>\nhat auch gelangt der Pulver f\u00fcr die Stickerl\u00f6hne \u2026<\/p><\/blockquote>\n<p><strong>Gestaltung der ersten Vereinsfahne<\/strong><br \/>\n<a href=\"http:\/\/mv-balgach.ch\/wordpress\/wp-content\/uploads\/2014\/08\/G_Vereinsfahne1b.jpg\"><img loading=\"lazy\" decoding=\"async\" class=\"alignleft wp-image-605 size-medium\" src=\"http:\/\/mv-balgach.ch\/wordpress\/wp-content\/uploads\/2014\/08\/G_Vereinsfahne1b-300x282.jpg\" alt=\"G_Vereinsfahne1b\" width=\"300\" height=\"282\" srcset=\"https:\/\/mv-balgach.ch\/wordpress\/wp-content\/uploads\/2014\/08\/G_Vereinsfahne1b-300x282.jpg 300w, https:\/\/mv-balgach.ch\/wordpress\/wp-content\/uploads\/2014\/08\/G_Vereinsfahne1b.jpg 400w\" sizes=\"auto, (max-width: 300px) 100vw, 300px\" \/><\/a>Wie soll die erste Fahne des Musikvereins Balgach gestaltet werden, diese Sachfrage war nicht einfach zu l\u00f6sen. Der Chronist hielt auch diese &#8222;Geburtswehen&#8220; in Versform fest:<\/p>\n<blockquote><p>\u2026 Doch ein Kapitel sei hier nicht vergessen,<br \/>\nbeim W\u00e4hlen unserer Fahne war alles ganz versessen,<br \/>\ndas Wappen der Gemeinde, das musste auf das Banner,<br \/>\ndazu die Traube, &#8222;Gauge&#8220;, Harfe, Sichel oder Hammer,<br \/>\ndie Trommel war zu rund, zu lang die Zugposaune,<br \/>\nder Bass zu dick, ein Posthorn &#8211; nicht im Tr\u00e4ume,<br \/>\nnach langem hin und her und f\u00fcr und gegen,<br \/>\nbekam ein stilisiertes Waldhorn aller Segen.<br \/>\nDoch jetzt, noch lange ist die Fahne nicht geboren.<br \/>\nHart ist der Kampf ob weiss, schwarz oder &#8211; rot,<br \/>\nbis alle schwarzen Freunde sind endlich stumm und tot \u2026<\/p><\/blockquote>\n<p><strong>Das Fahnenweihfest 1953 beginnt<\/strong><br \/>\n<a href=\"http:\/\/mv-balgach.ch\/wordpress\/wp-content\/uploads\/2014\/08\/G_Vereinsfahne1a.jpg\"><img loading=\"lazy\" decoding=\"async\" class=\"alignleft wp-image-604 size-medium\" src=\"http:\/\/mv-balgach.ch\/wordpress\/wp-content\/uploads\/2014\/08\/G_Vereinsfahne1a-300x210.jpg\" alt=\"G_Vereinsfahne1a\" width=\"300\" height=\"210\" srcset=\"https:\/\/mv-balgach.ch\/wordpress\/wp-content\/uploads\/2014\/08\/G_Vereinsfahne1a-300x210.jpg 300w, https:\/\/mv-balgach.ch\/wordpress\/wp-content\/uploads\/2014\/08\/G_Vereinsfahne1a.jpg 800w\" sizes=\"auto, (max-width: 300px) 100vw, 300px\" \/><\/a>Pfingstmontag, 25. Mai 1953: Gem\u00e4ss Protokoll besammelte sich fr\u00fchmorgens bei aufgehender Sonne eine Bl\u00e4sergruppe beim Pr\u00e4sidenten, noch unrasiert, und marschierte dann mit Marschmusik durch das Dorf, um so f\u00fcr das Fahnenweihfest direkt zu werben. Dieses wurde nach dem Mittagessen mit einem Umzug ab Bahnhof Heerbrugg auf der Hauptstrasse nach Balgach zum Festplatz auf der R\u00f6ssliwiese er\u00f6ffnet. Als Patensektion marschierte u.a. der Musikverein Widnau mit, der bereits eine Vereinsfahne besass. Fahnengotte und Fahneng\u00f6tti fuhren in einer blumengeschm\u00fcckten Kutsche im Festzug mit. Die neue Fahne wurde von M\u00e4dchen in weissen Kleidern feierlich mitgetragen. Im Beisein der Fahnenpaten und einer stattlichen Schar von Ehrendamen entrollte man das erste Vereinsbanner des Musikvereins Balgach. Max Kaiser als erster F\u00e4hnrich nahm die Willkommgr\u00fcsse der anwesenden Vereinsbanner entgegen. Der offizielle Festakt war vor\u00fcber, nun &#8222;arbeiteten die Bierm\u00e4nner auf Hochtouren&#8220;! Das Abendprogramm gestalteten die Dorfvereine, und die Tanzmusik spielte bis 02.00 Uhr nachts. Nebenbei bemerkt der Chronist zum Wetter: &#8222;Es war so sch\u00f6n und heiss am Fahnenweihfest, dass Petrus danach ca. zwei Monate ununterbrochen regnen liess.&#8220; Abschliessend bringt der Chronist den Wunsch an: M\u00f6ge die neue Fahne auch einer ganzen Generation von begeisterten Musikanten vorangehen und in Ehren alt werden.<\/p>\n<p>Er sah es richtig voraus: W\u00e4hrend 37 Jahren begleitete die Fahne dann den Musikverein Balgach in Freud und Leid. Sie blieb in ihrem Aussehen \u00fcber fast vier Jahrzehnte stets jugendlich, was die Farbwahl und die graphische Gestaltung anbetrifft. 1990 nahmen die Balgacher Musikanten eine neue Fahne in Empfang im Rahmen eines w\u00fcrdig gestalteten Festes.<\/p>\n","protected":false},"excerpt":{"rendered":"<p>&#8222;Machs churz!&#8220; war das Motto, das der damalige Pr\u00e4sident Dr. G. Jenny an den Anfang der Hauptversammlung vom 31. Januar 1953 im Rest. Sternen Heerbrugg setzte, denn es mussten 19 Traktanden bearbeitet werden, darunter Traktandum 17: Fahnenweihe 1954! Der Verein beschloss aber \u00fcberraschend, die Fahnenweihe bereits am Pfingstmontag 1953 durchzuf\u00fchren. Hing das Motto &#8222;Machs churz&#8220; &hellip; <a href=\"https:\/\/mv-balgach.ch\/?page_id=602\" class=\"more-link\"><span class=\"screen-reader-text\">Die erste Fahnenweihe des MVB 1953<\/span> weiterlesen <span class=\"meta-nav\">&rarr;<\/span><\/a><\/p>\n","protected":false},"author":1,"featured_media":0,"parent":545,"menu_order":4,"comment_status":"closed","ping_status":"closed","template":"","meta":{"ngg_post_thumbnail":0,"footnotes":""},"class_list":["post-602","page","type-page","status-publish","hentry"],"_links":{"self":[{"href":"https:\/\/mv-balgach.ch\/index.php?rest_route=\/wp\/v2\/pages\/602","targetHints":{"allow":["GET"]}}],"collection":[{"href":"https:\/\/mv-balgach.ch\/index.php?rest_route=\/wp\/v2\/pages"}],"about":[{"href":"https:\/\/mv-balgach.ch\/index.php?rest_route=\/wp\/v2\/types\/page"}],"author":[{"embeddable":true,"href":"https:\/\/mv-balgach.ch\/index.php?rest_route=\/wp\/v2\/users\/1"}],"replies":[{"embeddable":true,"href":"https:\/\/mv-balgach.ch\/index.php?rest_route=%2Fwp%2Fv2%2Fcomments&post=602"}],"version-history":[{"count":6,"href":"https:\/\/mv-balgach.ch\/index.php?rest_route=\/wp\/v2\/pages\/602\/revisions"}],"predecessor-version":[{"id":654,"href":"https:\/\/mv-balgach.ch\/index.php?rest_route=\/wp\/v2\/pages\/602\/revisions\/654"}],"up":[{"embeddable":true,"href":"https:\/\/mv-balgach.ch\/index.php?rest_route=\/wp\/v2\/pages\/545"}],"wp:attachment":[{"href":"https:\/\/mv-balgach.ch\/index.php?rest_route=%2Fwp%2Fv2%2Fmedia&parent=602"}],"curies":[{"name":"wp","href":"https:\/\/api.w.org\/{rel}","templated":true}]}}