{"id":607,"date":"2014-08-23T18:37:20","date_gmt":"2014-08-23T16:37:20","guid":{"rendered":"http:\/\/wp.mv-balgach.ch\/?page_id=607"},"modified":"2014-08-23T18:37:20","modified_gmt":"2014-08-23T16:37:20","slug":"vereinsgeschichte-ab-1930","status":"publish","type":"page","link":"https:\/\/mv-balgach.ch\/?page_id=607","title":{"rendered":"Vereinsgeschichte ab 1930"},"content":{"rendered":"<p>Endlich, am 7. August 1930 erfolgte unter dem Motto &#8222;Einigkeit macht stark&#8220; die langersehnte Verschmelzung der beiden Vereine, um &#8222;in Freud und Leid zum Spiel bereit&#8220; zu sein. 40 Mitglieder z\u00e4hlte damals der Verein, dem Dr. Merz, einer der Initianten der Vereinigung, als Pr\u00e4sident vorstand. 1936 nahm der Verein am Bundesmusikfest in Lustenaus teil und erzielte in der Kategorie &#8222;Mittelschwer&#8220; den 1. Rang. Am 11. Juli 1937 veranstaltete der Musikverein Balgach eine Bodenseerundfahrt. Der Preis ohne Mittagessen betrug Fr. 5.70, mit einem Mittagessen (Suppe, Sch\u00fcbling und Brot) Fr. 7.20. 1939, 1959 und 1980, zum 150j\u00e4hrigen Bestehen einer Blasmusik in Balgach, schaffte sich der Verein neue Uniformen an. 1947 holte er sich am Kantonal-Musikfest in Altst\u00e4tten den 2. Rang. Die Ehre, den Rheintalischen Kreismusiktag durchzuf\u00fchren, fiel Balgach bis anhin viermal zu: 1949, 1968, 1972 und 2005, verbunden mit einer Neuuniformierung. 1953 weihte der Verein seine erste Fahne ein, 1990 die zweite. 1954 wirkte er an der Feier zur Er\u00f6ffnung des neuen Sekundarschulhauses in Heerbrugg, den heutigen C-Trakt mit. 1957 war ein H\u00f6hepunkt im Vereinsleben, konnte der Musikverein doch am Eidgen\u00f6ssischen Musikfest in Z\u00fcrich einen Goldlorbeer an die Fahne heften. Die gleiche Ehre wurde ihm 1965 am Kantonal-Musikfest in Widnau zuteil. 1966 nahm man das erste weibliche Aktivmitglied in den Verein aufgenommen.. Vom 23. bis 29. Juli gleichen Jahres organisierte der Verein eine unvergessliche Vereinsreise nach Nizza und wirkte mit einer zweieinhalbst\u00fcndigen Marschmusik am Blumenkorso in Nizza mit. Als 1968 das Verahus in Balgach eingeweiht wurde, waren die Musikanten nat\u00fcrlich auch dabei. 1974 f\u00fchrte der Musikverein eine Neuinstrumentierung durch.<\/p>\n<p>Die Ausbildung und F\u00f6rderung des Nachwuchses sind zur Zeit das gr\u00f6sste Sorgenkind des Vereins. Da dieses Hobby viel Zeit und Fleiss in Anspruch nimmt, ist es immer schwieriger, geeigneten Nachwuchs heranzubilden. Diese Schulungsarbeit erfolgt in enger Zusammenarbeit mit der Musikschule Mittelrheintal.<\/p>\n","protected":false},"excerpt":{"rendered":"<p>Endlich, am 7. August 1930 erfolgte unter dem Motto &#8222;Einigkeit macht stark&#8220; die langersehnte Verschmelzung der beiden Vereine, um &#8222;in Freud und Leid zum Spiel bereit&#8220; zu sein. 40 Mitglieder z\u00e4hlte damals der Verein, dem Dr. Merz, einer der Initianten der Vereinigung, als Pr\u00e4sident vorstand. 1936 nahm der Verein am Bundesmusikfest in Lustenaus teil und &hellip; <a href=\"https:\/\/mv-balgach.ch\/?page_id=607\" class=\"more-link\"><span class=\"screen-reader-text\">Vereinsgeschichte ab 1930<\/span> weiterlesen <span class=\"meta-nav\">&rarr;<\/span><\/a><\/p>\n","protected":false},"author":1,"featured_media":0,"parent":545,"menu_order":5,"comment_status":"closed","ping_status":"closed","template":"","meta":{"ngg_post_thumbnail":0,"footnotes":""},"class_list":["post-607","page","type-page","status-publish","hentry"],"_links":{"self":[{"href":"https:\/\/mv-balgach.ch\/index.php?rest_route=\/wp\/v2\/pages\/607","targetHints":{"allow":["GET"]}}],"collection":[{"href":"https:\/\/mv-balgach.ch\/index.php?rest_route=\/wp\/v2\/pages"}],"about":[{"href":"https:\/\/mv-balgach.ch\/index.php?rest_route=\/wp\/v2\/types\/page"}],"author":[{"embeddable":true,"href":"https:\/\/mv-balgach.ch\/index.php?rest_route=\/wp\/v2\/users\/1"}],"replies":[{"embeddable":true,"href":"https:\/\/mv-balgach.ch\/index.php?rest_route=%2Fwp%2Fv2%2Fcomments&post=607"}],"version-history":[{"count":1,"href":"https:\/\/mv-balgach.ch\/index.php?rest_route=\/wp\/v2\/pages\/607\/revisions"}],"predecessor-version":[{"id":608,"href":"https:\/\/mv-balgach.ch\/index.php?rest_route=\/wp\/v2\/pages\/607\/revisions\/608"}],"up":[{"embeddable":true,"href":"https:\/\/mv-balgach.ch\/index.php?rest_route=\/wp\/v2\/pages\/545"}],"wp:attachment":[{"href":"https:\/\/mv-balgach.ch\/index.php?rest_route=%2Fwp%2Fv2%2Fmedia&parent=607"}],"curies":[{"name":"wp","href":"https:\/\/api.w.org\/{rel}","templated":true}]}}