{"id":609,"date":"2014-08-23T18:40:44","date_gmt":"2014-08-23T16:40:44","guid":{"rendered":"http:\/\/wp.mv-balgach.ch\/?page_id=609"},"modified":"2024-08-18T11:26:50","modified_gmt":"2024-08-18T09:26:50","slug":"signet","status":"publish","type":"page","link":"https:\/\/mv-balgach.ch\/?page_id=609","title":{"rendered":"Signet"},"content":{"rendered":"<div class=\"wp-block-image\">\n<figure class=\"aligncenter size-full\"><a href=\"https:\/\/mv-balgach.ch\/wordpress\/wp-content\/uploads\/2014\/08\/G_Signet.jpg\"><img loading=\"lazy\" decoding=\"async\" width=\"660\" height=\"356\" src=\"https:\/\/mv-balgach.ch\/wordpress\/wp-content\/uploads\/2014\/08\/G_Signet.jpg\" alt=\"\" class=\"wp-image-612\" srcset=\"https:\/\/mv-balgach.ch\/wordpress\/wp-content\/uploads\/2014\/08\/G_Signet.jpg 660w, https:\/\/mv-balgach.ch\/wordpress\/wp-content\/uploads\/2014\/08\/G_Signet-300x161.jpg 300w\" sizes=\"auto, (max-width: 660px) 100vw, 660px\" \/><\/a><\/figure><\/div>\n\n\n<p><\/p>\n\n\n\n<p><strong>Zur Geschichte des Vereinssignets<\/strong><br>Seit 1981, nach der glanzvollen 150 Jahr-Feier und der dritten Neuuniformierung tritt der Musikverein Balgach stets unter dem abgebildeten Signet mit dem Schloss Gr\u00fcnenstein an die \u00d6ffentlichkeit, sei dies f\u00fcr Passivmitgliederwerbung, Einladungen zu Unterhaltungsabenden, Konzerten und dergleichen.<\/p>\n\n\n\n<p>Welche Gr\u00fcnde bewogen damals die Verantwortlichen zur Wahl dieses Signets? Das Schloss Gr\u00fcnenstein, im Becher des Blasinstrumentes sichtbar, ist ein markantes Wahrzeichen der Gemeinde Balgach. Jedes Schloss hat eine wechselvolle, teils st\u00fcrmische Geschichte hinter sich. Oft \u00e4nderten die verschiedenen Schlossherren sein \u00c4usseres. So blieb von der mittelalterlichen Festung nur noch der Turmstock im herrschaftlichen Sitz von heute erhalten.<\/p>\n\n\n\n<p><strong>Ein Fest im Schlossgarten<\/strong><br>Im letzten Jahrhundert wurden von den Schlossbesitzern oftmals auch Feste im Schlossgarten organisiert. So beschreibt Ulrich Hegner (1759-1840) in seinem Werk &#8222;Die Molkenkur&#8220; eine Hochzeitsfeier auf dem Schloss Gr\u00fcnenstein: Eine Musik spielte zum Tanze auf, f\u00fcr die Dorfjungen wurde ein Sch\u00fctzenfest organisiert \u2026<\/p>\n\n\n\n<p>Auch die Form der Instrumente ver\u00e4nderte sich im Verlaufe der Jahrhunderte wie die Baustile, es wurden neue Instrumente konstruiert. Das Sousaphon auf dem Signet ist eine Entwicklung der Neuzeit. Ebenso hat beinahe jeder Verein seine wechselvolle Geschichte. Pr\u00e4sidenten, Vorst\u00e4nde sind stets bestrebt, die Vereinsschiffchen ohne hohen Wellenschlag und heftiges Schaukeln sicher zu steuern. Die Balgacher Musikanten haben bald 175 Jahre Vereinsgeschichte hinter sich. Sie bem\u00fchen sich, auch weiterhin ein aktives Vereinsleben zu pflegen, der Bev\u00f6lkerung mit ihrem Spiel zu dienen und Freude zu bereiten.<\/p>\n","protected":false},"excerpt":{"rendered":"<p>Zur Geschichte des VereinssignetsSeit 1981, nach der glanzvollen 150 Jahr-Feier und der dritten Neuuniformierung tritt der Musikverein Balgach stets unter dem abgebildeten Signet mit dem Schloss Gr\u00fcnenstein an die \u00d6ffentlichkeit, sei dies f\u00fcr Passivmitgliederwerbung, Einladungen zu Unterhaltungsabenden, Konzerten und dergleichen. Welche Gr\u00fcnde bewogen damals die Verantwortlichen zur Wahl dieses Signets? Das Schloss Gr\u00fcnenstein, im Becher &hellip; <a href=\"https:\/\/mv-balgach.ch\/?page_id=609\" class=\"more-link\"><span class=\"screen-reader-text\">Signet<\/span> weiterlesen <span class=\"meta-nav\">&rarr;<\/span><\/a><\/p>\n","protected":false},"author":1,"featured_media":0,"parent":349,"menu_order":2,"comment_status":"closed","ping_status":"closed","template":"","meta":{"ngg_post_thumbnail":0,"footnotes":""},"class_list":["post-609","page","type-page","status-publish","hentry"],"_links":{"self":[{"href":"https:\/\/mv-balgach.ch\/index.php?rest_route=\/wp\/v2\/pages\/609","targetHints":{"allow":["GET"]}}],"collection":[{"href":"https:\/\/mv-balgach.ch\/index.php?rest_route=\/wp\/v2\/pages"}],"about":[{"href":"https:\/\/mv-balgach.ch\/index.php?rest_route=\/wp\/v2\/types\/page"}],"author":[{"embeddable":true,"href":"https:\/\/mv-balgach.ch\/index.php?rest_route=\/wp\/v2\/users\/1"}],"replies":[{"embeddable":true,"href":"https:\/\/mv-balgach.ch\/index.php?rest_route=%2Fwp%2Fv2%2Fcomments&post=609"}],"version-history":[{"count":3,"href":"https:\/\/mv-balgach.ch\/index.php?rest_route=\/wp\/v2\/pages\/609\/revisions"}],"predecessor-version":[{"id":10896,"href":"https:\/\/mv-balgach.ch\/index.php?rest_route=\/wp\/v2\/pages\/609\/revisions\/10896"}],"up":[{"embeddable":true,"href":"https:\/\/mv-balgach.ch\/index.php?rest_route=\/wp\/v2\/pages\/349"}],"wp:attachment":[{"href":"https:\/\/mv-balgach.ch\/index.php?rest_route=%2Fwp%2Fv2%2Fmedia&parent=609"}],"curies":[{"name":"wp","href":"https:\/\/api.w.org\/{rel}","templated":true}]}}