{"id":727,"date":"2014-08-24T14:45:19","date_gmt":"2014-08-24T12:45:19","guid":{"rendered":"http:\/\/mv-balgach.ch\/?page_id=727"},"modified":"2025-09-13T09:27:06","modified_gmt":"2025-09-13T07:27:06","slug":"sommerabendkonzert-2014","status":"publish","type":"page","link":"https:\/\/mv-balgach.ch\/?page_id=727","title":{"rendered":"Herbstserenade"},"content":{"rendered":"\nngg_shortcode_0_placeholder\n\n\n\n<p class=\"has-text-align-center\">Auch die diesj\u00e4hrige Herbstserenade in Balgach kann als voller Erfolg verbucht werden. Am Dienstag 9. September luden der Musikverein Balgach sowie die Jugendmusik Rebstein-Balgach mit Beginnerband zu diesem beliebten Anlass ein. Der Balger Wettergott ist wohl ein Freund der Musikanten, denn es war trocken und sonnig und das Konzert konnte wie geplant stattfinden. Zahlreiche Zuh\u00f6rerinnen und Zuh\u00f6rer str\u00f6mten kurz vor 19 Uhr zum Veranstaltungsort, um dem dargebotenen Programm zu lauschen. Es begannen die Jugendmusik Rebstein-Balgach und die Beginnerband mit ihrem Repertoire. Unter der Leitung von Andr\u00e9 Breitenmoser pr\u00e4sentierten die jungen Musiker bekannte St\u00fccke wie z.B. &#8222;Lean on me&#8220;, &#8222;The Lord of the Dance&#8220; und &#8222;We are the World&#8220;. Die anschliessende kurze Umbaupause wurde genutzt, um Hampi St\u00e4heli sowie Franziska und Patrick Sonderegger f\u00fcr ihren mehr als 10j\u00e4hrigen engagierten Einsatz f\u00fcr den MVB in verschiedenen Bereichen zu ehren und dies mit einem Gutschein zu verdanken. Danach \u00fcbernahmen die erfahrenen Musikanten des Musikvereins Balgach das Zepter. Bei langsam einbrechender Dunkelheit erfreuten sie unter der Leitung von Michael Schl\u00e4pfer die Besucher mit St\u00fccken wie &#8222;Polo Hofer&#8220;, &#8222;The Olympic Spirit&#8220;, &#8222;Country Roads&#8220; u.a. Dem Publikum gefiel das alles bestens und erst nach einer Zugabe durften die Musiker ihre Instrumente einpacken und gemeinsam mit ihren G\u00e4sten den Abend in gem\u00fctlicher Runde ausklingen lassen.<\/p>\n","protected":false},"excerpt":{"rendered":"<p>Auch die diesj\u00e4hrige Herbstserenade in Balgach kann als voller Erfolg verbucht werden. Am Dienstag 9. September luden der Musikverein Balgach sowie die Jugendmusik Rebstein-Balgach mit Beginnerband zu diesem beliebten Anlass ein. Der Balger Wettergott ist wohl ein Freund der Musikanten, denn es war trocken und sonnig und das Konzert konnte wie geplant stattfinden. Zahlreiche Zuh\u00f6rerinnen &hellip; <a href=\"https:\/\/mv-balgach.ch\/?page_id=727\" class=\"more-link\"><span class=\"screen-reader-text\">Herbstserenade<\/span> weiterlesen <span class=\"meta-nav\">&rarr;<\/span><\/a><\/p>\n","protected":false},"author":1,"featured_media":11286,"parent":52,"menu_order":49,"comment_status":"closed","ping_status":"closed","template":"","meta":{"ngg_post_thumbnail":0,"footnotes":""},"class_list":["post-727","page","type-page","status-publish","has-post-thumbnail","hentry"],"_links":{"self":[{"href":"https:\/\/mv-balgach.ch\/index.php?rest_route=\/wp\/v2\/pages\/727","targetHints":{"allow":["GET"]}}],"collection":[{"href":"https:\/\/mv-balgach.ch\/index.php?rest_route=\/wp\/v2\/pages"}],"about":[{"href":"https:\/\/mv-balgach.ch\/index.php?rest_route=\/wp\/v2\/types\/page"}],"author":[{"embeddable":true,"href":"https:\/\/mv-balgach.ch\/index.php?rest_route=\/wp\/v2\/users\/1"}],"replies":[{"embeddable":true,"href":"https:\/\/mv-balgach.ch\/index.php?rest_route=%2Fwp%2Fv2%2Fcomments&post=727"}],"version-history":[{"count":3,"href":"https:\/\/mv-balgach.ch\/index.php?rest_route=\/wp\/v2\/pages\/727\/revisions"}],"predecessor-version":[{"id":11297,"href":"https:\/\/mv-balgach.ch\/index.php?rest_route=\/wp\/v2\/pages\/727\/revisions\/11297"}],"up":[{"embeddable":true,"href":"https:\/\/mv-balgach.ch\/index.php?rest_route=\/wp\/v2\/pages\/52"}],"wp:featuredmedia":[{"embeddable":true,"href":"https:\/\/mv-balgach.ch\/index.php?rest_route=\/wp\/v2\/media\/11286"}],"wp:attachment":[{"href":"https:\/\/mv-balgach.ch\/index.php?rest_route=%2Fwp%2Fv2%2Fmedia&parent=727"}],"curies":[{"name":"wp","href":"https:\/\/api.w.org\/{rel}","templated":true}]}}