{"id":7642,"date":"2018-06-03T13:58:38","date_gmt":"2018-06-03T11:58:38","guid":{"rendered":"http:\/\/mv-balgach.ch\/?page_id=7642"},"modified":"2023-06-04T21:33:31","modified_gmt":"2023-06-04T19:33:31","slug":"kreismusiktag-2018","status":"publish","type":"page","link":"https:\/\/mv-balgach.ch\/?page_id=7642","title":{"rendered":"Kreismusiktag 2018"},"content":{"rendered":"<p>&nbsp;<\/p>\n<p>Unter dem Motto \u00abMusig am B\u00e4rgli\u00bb lud die MG Montlingen-Eichenwies zu den diesj\u00e4hrigen Kreismusiktagen ein, die vom 25. bis 27. Mai 2018 stattfanden. Es konnten erfreuliche Resultate erzielt werden.<\/p>\n<p>Dieses Jahr wurden alle Wettspiele auf den Samstag gelegt. Mit dem St\u00fcck Evita wechselte der MV Balgach erstmals von der Konzertmusik in die Unterhaltungsmusik. Der Verein entschied sich zu diesem Schritt, um die Musikwahl der aktuellen Besetzung anpassen zu k\u00f6nnen. Die Musikantinnen und Musikanten spielten mit Engagement, Aufmerksamkeit, Hingabe, Nervosit\u00e4t und vor allem mit viel Spielfreude. Die Pr\u00e4sentation wurde mit 79,33 Punkte bewertet, womit der Auftakt des Wochenendes gl\u00fcckte.<\/p>\n<p>Am n\u00e4chsten Tag musste der MVB die dreik\u00f6pfige Jury in der Parademusik mit dem Musketier Marsch beeindrucken. Bei schweisstreibenden Temperaturen marschierte der Verein zu hervorragenden 87 Punkten und somit den 7. Rang. Die Freude \u00fcber die gute Platzierung war gross.<\/p>\n<p>Einen guten Grund zum Feiern gab es f\u00fcr Ivo Kobler. F\u00fcr seine langj\u00e4hrige aktive Blasmusikzeit wurde er zum Kantonalen Veteranen ernannt. Der MV Balgach gratuliert Ivo nochmals recht herzlich und dankt ihm f\u00fcr sein grosses Engagement zu Gunsten des Vereins.<\/p>\nngg_shortcode_0_placeholder\n","protected":false},"excerpt":{"rendered":"<p>&nbsp; Unter dem Motto \u00abMusig am B\u00e4rgli\u00bb lud die MG Montlingen-Eichenwies zu den diesj\u00e4hrigen Kreismusiktagen ein, die vom 25. bis 27. Mai 2018 stattfanden. Es konnten erfreuliche Resultate erzielt werden. Dieses Jahr wurden alle Wettspiele auf den Samstag gelegt. Mit dem St\u00fcck Evita wechselte der MV Balgach erstmals von der Konzertmusik in die Unterhaltungsmusik. Der &hellip; <a href=\"https:\/\/mv-balgach.ch\/?page_id=7642\" class=\"more-link\"><span class=\"screen-reader-text\">Kreismusiktag 2018<\/span> weiterlesen <span class=\"meta-nav\">&rarr;<\/span><\/a><\/p>\n","protected":false},"author":1,"featured_media":7586,"parent":10435,"menu_order":94,"comment_status":"closed","ping_status":"closed","template":"","meta":{"ngg_post_thumbnail":0,"footnotes":""},"class_list":["post-7642","page","type-page","status-publish","has-post-thumbnail","hentry"],"_links":{"self":[{"href":"https:\/\/mv-balgach.ch\/index.php?rest_route=\/wp\/v2\/pages\/7642","targetHints":{"allow":["GET"]}}],"collection":[{"href":"https:\/\/mv-balgach.ch\/index.php?rest_route=\/wp\/v2\/pages"}],"about":[{"href":"https:\/\/mv-balgach.ch\/index.php?rest_route=\/wp\/v2\/types\/page"}],"author":[{"embeddable":true,"href":"https:\/\/mv-balgach.ch\/index.php?rest_route=\/wp\/v2\/users\/1"}],"replies":[{"embeddable":true,"href":"https:\/\/mv-balgach.ch\/index.php?rest_route=%2Fwp%2Fv2%2Fcomments&post=7642"}],"version-history":[{"count":3,"href":"https:\/\/mv-balgach.ch\/index.php?rest_route=\/wp\/v2\/pages\/7642\/revisions"}],"predecessor-version":[{"id":7809,"href":"https:\/\/mv-balgach.ch\/index.php?rest_route=\/wp\/v2\/pages\/7642\/revisions\/7809"}],"up":[{"embeddable":true,"href":"https:\/\/mv-balgach.ch\/index.php?rest_route=\/wp\/v2\/pages\/10435"}],"wp:featuredmedia":[{"embeddable":true,"href":"https:\/\/mv-balgach.ch\/index.php?rest_route=\/wp\/v2\/media\/7586"}],"wp:attachment":[{"href":"https:\/\/mv-balgach.ch\/index.php?rest_route=%2Fwp%2Fv2%2Fmedia&parent=7642"}],"curies":[{"name":"wp","href":"https:\/\/api.w.org\/{rel}","templated":true}]}}