{"id":8165,"date":"2018-09-03T22:34:25","date_gmt":"2018-09-03T20:34:25","guid":{"rendered":"http:\/\/mv-balgach.ch\/?page_id=8165"},"modified":"2019-09-11T21:11:06","modified_gmt":"2019-09-11T19:11:06","slug":"grill-und-badeplausch-2018","status":"publish","type":"page","link":"https:\/\/mv-balgach.ch\/?page_id=8165","title":{"rendered":"Grill- und Badeplausch 2018"},"content":{"rendered":"<p>16. August 2018 beim Tratthof<\/p>\nngg_shortcode_0_placeholder\n<p>&nbsp;<\/p>\n<p>Der allj\u00e4hrliche Bade- und Grillplausch des Musikvereins Balgach konnte Mitte August bei strahlendem Wetter durchgef\u00fchrt werden. Mit dem Velo, Velohelm und Badehose ausger\u00fcstet fuhren sowohl Jugend- als auch Aktivmusikaten in Richtung Tratthof. Aufgrund der regenlosen Tage fiel das Grillen ins Wasser. Stattdessen wurden die knurrenden B\u00e4uche mit Wienerli und B\u00fcrli gestillt.<\/p>\n<p>Man h\u00e4tte meinen k\u00f6nnen, nach der langen Hitzewelle sei der Binnenkanal auf angenehmen Badetemperaturen erw\u00e4rmt worden, aber dem war nicht so. Einige mutige Jugendmusikanten trauten sich in das erfrischende Wasser. Nach dem Austoben im Wasser gab es selbstgemachter Kuchen und Mandelfisch zum Dessert.<\/p>\n<p>Schon bald war es Zeit f\u00fcr die Jugendmusik ihr Zeug zusammenzupacken um sich auf den Heimweg zu machen. Die Aktiven liessen bei herrlichen Temperaturen den gem\u00fctlichen Abend ausklingen.<\/p>\n","protected":false},"excerpt":{"rendered":"<p>16. August 2018 beim Tratthof &nbsp; Der allj\u00e4hrliche Bade- und Grillplausch des Musikvereins Balgach konnte Mitte August bei strahlendem Wetter durchgef\u00fchrt werden. Mit dem Velo, Velohelm und Badehose ausger\u00fcstet fuhren sowohl Jugend- als auch Aktivmusikaten in Richtung Tratthof. Aufgrund der regenlosen Tage fiel das Grillen ins Wasser. Stattdessen wurden die knurrenden B\u00e4uche mit Wienerli und &hellip; <a href=\"https:\/\/mv-balgach.ch\/?page_id=8165\" class=\"more-link\"><span class=\"screen-reader-text\">Grill- und Badeplausch 2018<\/span> weiterlesen <span class=\"meta-nav\">&rarr;<\/span><\/a><\/p>\n","protected":false},"author":1,"featured_media":8167,"parent":9068,"menu_order":99,"comment_status":"closed","ping_status":"closed","template":"","meta":{"ngg_post_thumbnail":0,"footnotes":""},"class_list":["post-8165","page","type-page","status-publish","has-post-thumbnail","hentry"],"_links":{"self":[{"href":"https:\/\/mv-balgach.ch\/index.php?rest_route=\/wp\/v2\/pages\/8165","targetHints":{"allow":["GET"]}}],"collection":[{"href":"https:\/\/mv-balgach.ch\/index.php?rest_route=\/wp\/v2\/pages"}],"about":[{"href":"https:\/\/mv-balgach.ch\/index.php?rest_route=\/wp\/v2\/types\/page"}],"author":[{"embeddable":true,"href":"https:\/\/mv-balgach.ch\/index.php?rest_route=\/wp\/v2\/users\/1"}],"replies":[{"embeddable":true,"href":"https:\/\/mv-balgach.ch\/index.php?rest_route=%2Fwp%2Fv2%2Fcomments&post=8165"}],"version-history":[{"count":2,"href":"https:\/\/mv-balgach.ch\/index.php?rest_route=\/wp\/v2\/pages\/8165\/revisions"}],"predecessor-version":[{"id":8232,"href":"https:\/\/mv-balgach.ch\/index.php?rest_route=\/wp\/v2\/pages\/8165\/revisions\/8232"}],"up":[{"embeddable":true,"href":"https:\/\/mv-balgach.ch\/index.php?rest_route=\/wp\/v2\/pages\/9068"}],"wp:featuredmedia":[{"embeddable":true,"href":"https:\/\/mv-balgach.ch\/index.php?rest_route=\/wp\/v2\/media\/8167"}],"wp:attachment":[{"href":"https:\/\/mv-balgach.ch\/index.php?rest_route=%2Fwp%2Fv2%2Fmedia&parent=8165"}],"curies":[{"name":"wp","href":"https:\/\/api.w.org\/{rel}","templated":true}]}}