{"id":9614,"date":"2021-01-24T17:15:49","date_gmt":"2021-01-24T15:15:49","guid":{"rendered":"http:\/\/mv-balgach.ch\/?page_id=9614"},"modified":"2026-01-08T19:31:53","modified_gmt":"2026-01-08T17:31:53","slug":"goenner","status":"publish","type":"page","link":"https:\/\/mv-balgach.ch\/?page_id=9614","title":{"rendered":"G\u00f6nner"},"content":{"rendered":"\n<p class=\"has-text-align-left\">Der Musikverein Balgach bedankt sich herzlich bei allen G\u00f6nnern und Passivmitgliedern f\u00fcr ihre grossz\u00fcgige Unterst\u00fctzung.<br><br>Folgend finden Sie alle G\u00f6nner, die f\u00fcr das Jahr 2026 einen Beitrag von CHF 100.00 oder mehr eingezahlt haben:<\/p>\n\n\n\n<table id=\"tablepress-13\" class=\"tablepress tablepress-id-13\">\n<thead>\n<tr class=\"row-1\">\n\t<th class=\"column-1\">Name<\/th><th class=\"column-2\">Ort<\/th>\n<\/tr>\n<\/thead>\n<tbody class=\"row-striping row-hover\">\n<tr class=\"row-2\">\n\t<td class=\"column-1\">Amacher Esther und Werner<\/td><td class=\"column-2\">Balgach<\/td>\n<\/tr>\n<tr class=\"row-3\">\n\t<td class=\"column-1\">Benz Guido<\/td><td class=\"column-2\">Balgach<\/td>\n<\/tr>\n<tr class=\"row-4\">\n\t<td class=\"column-1\">blumenreich andrea gmbh<\/td><td class=\"column-2\">Balgach<\/td>\n<\/tr>\n<tr class=\"row-5\">\n\t<td class=\"column-1\">Brem Nadia und Roland<\/td><td class=\"column-2\">Wald AR<\/td>\n<\/tr>\n<tr class=\"row-6\">\n\t<td class=\"column-1\">Eichmann Helene<\/td><td class=\"column-2\">Balgach<\/td>\n<\/tr>\n<tr class=\"row-7\">\n\t<td class=\"column-1\">Eichmann Nicola<\/td><td class=\"column-2\">Balgach<\/td>\n<\/tr>\n<tr class=\"row-8\">\n\t<td class=\"column-1\">Gartmann Silvio<\/td><td class=\"column-2\">Balgach<\/td>\n<\/tr>\n<tr class=\"row-9\">\n\t<td class=\"column-1\">Gerber Willy<\/td><td class=\"column-2\">Balgach<\/td>\n<\/tr>\n<tr class=\"row-10\">\n\t<td class=\"column-1\">Gerosa Thomas<\/td><td class=\"column-2\">Balgach<\/td>\n<\/tr>\n<tr class=\"row-11\">\n\t<td class=\"column-1\">Graf Leni<\/td><td class=\"column-2\">Heerbrugg<\/td>\n<\/tr>\n<tr class=\"row-12\">\n\t<td class=\"column-1\">Graf Trudy<\/td><td class=\"column-2\">Balgach<\/td>\n<\/tr>\n<tr class=\"row-13\">\n\t<td class=\"column-1\">Heule Marianne und Peter<\/td><td class=\"column-2\">Balgach<\/td>\n<\/tr>\n<tr class=\"row-14\">\n\t<td class=\"column-1\">Hollenstein Niklaus<\/td><td class=\"column-2\">Balgach<\/td>\n<\/tr>\n<tr class=\"row-15\">\n\t<td class=\"column-1\">Huber Niklaus<\/td><td class=\"column-2\">Balgach<\/td>\n<\/tr>\n<tr class=\"row-16\">\n\t<td class=\"column-1\">Kobelt Elsbeth und Guido<\/td><td class=\"column-2\">Balgach<\/td>\n<\/tr>\n<tr class=\"row-17\">\n\t<td class=\"column-1\">Kobler Rosmarie und Martin<\/td><td class=\"column-2\">Balgach<\/td>\n<\/tr>\n<tr class=\"row-18\">\n\t<td class=\"column-1\">Metzler Ruth und Ernst<\/td><td class=\"column-2\">Balgach<\/td>\n<\/tr>\n<tr class=\"row-19\">\n\t<td class=\"column-1\">Loetscher Dora<\/td><td class=\"column-2\">Balgach<\/td>\n<\/tr>\n<tr class=\"row-20\">\n\t<td class=\"column-1\">L\u00fcchinger Irene und Urs<\/td><td class=\"column-2\">Balgach<\/td>\n<\/tr>\n<tr class=\"row-21\">\n\t<td class=\"column-1\">N\u00fcesch-Gasser Yvonne<\/td><td class=\"column-2\">Balgach<\/td>\n<\/tr>\n<tr class=\"row-22\">\n\t<td class=\"column-1\">Oberdorfer Richard<\/td><td class=\"column-2\">Balgach<\/td>\n<\/tr>\n<tr class=\"row-23\">\n\t<td class=\"column-1\">Salon S\u00e4ntis GmbH<\/td><td class=\"column-2\">Balgach<\/td>\n<\/tr>\n<tr class=\"row-24\">\n\t<td class=\"column-1\">Schawalder Renate und Hansj\u00f6rg<\/td><td class=\"column-2\">Balgach<\/td>\n<\/tr>\n<tr class=\"row-25\">\n\t<td class=\"column-1\">Schmidheiny Daphne<\/td><td class=\"column-2\">Buchs ZH<\/td>\n<\/tr>\n<tr class=\"row-26\">\n\t<td class=\"column-1\">Stieger Roger<\/td><td class=\"column-2\">Balgach<\/td>\n<\/tr>\n<tr class=\"row-27\">\n\t<td class=\"column-1\">Weder Alice und Gerhard<\/td><td class=\"column-2\">Balgach<\/td>\n<\/tr>\n<tr class=\"row-28\">\n\t<td class=\"column-1\">Weder Franziska und Hanspeter<\/td><td class=\"column-2\">Heerbrugg<\/td>\n<\/tr>\n<tr class=\"row-29\">\n\t<td class=\"column-1\">WEDERFENSTER.CH AG<\/td><td class=\"column-2\">Balgach<\/td>\n<\/tr>\n<tr class=\"row-30\">\n\t<td class=\"column-1\">Zuberb\u00fchler Felix<\/td><td class=\"column-2\">Balgach<\/td>\n<\/tr>\n<\/tbody>\n<\/table>\n<!-- #tablepress-13 from cache -->\n\n\n<p>  <br><\/p>\n\n\n<div class=\"wp-block-image\">\n<figure class=\"aligncenter size-full\"><img loading=\"lazy\" decoding=\"async\" width=\"843\" height=\"548\" src=\"https:\/\/mv-balgach.ch\/wordpress\/wp-content\/uploads\/2021\/01\/HerzlichenDank.png\" alt=\"\" class=\"wp-image-9625\" srcset=\"https:\/\/mv-balgach.ch\/wordpress\/wp-content\/uploads\/2021\/01\/HerzlichenDank.png 843w, https:\/\/mv-balgach.ch\/wordpress\/wp-content\/uploads\/2021\/01\/HerzlichenDank-300x195.png 300w, https:\/\/mv-balgach.ch\/wordpress\/wp-content\/uploads\/2021\/01\/HerzlichenDank-768x499.png 768w\" sizes=\"auto, (max-width: 843px) 100vw, 843px\" \/><\/figure><\/div>","protected":false},"excerpt":{"rendered":"<p>Der Musikverein Balgach bedankt sich herzlich bei allen G\u00f6nnern und Passivmitgliedern f\u00fcr ihre grossz\u00fcgige Unterst\u00fctzung. Folgend finden Sie alle G\u00f6nner, die f\u00fcr das Jahr 2026 einen Beitrag von CHF 100.00 oder mehr eingezahlt haben:<\/p>\n","protected":false},"author":1,"featured_media":0,"parent":0,"menu_order":3,"comment_status":"closed","ping_status":"closed","template":"","meta":{"ngg_post_thumbnail":0,"footnotes":""},"class_list":["post-9614","page","type-page","status-publish","hentry"],"_links":{"self":[{"href":"https:\/\/mv-balgach.ch\/index.php?rest_route=\/wp\/v2\/pages\/9614","targetHints":{"allow":["GET"]}}],"collection":[{"href":"https:\/\/mv-balgach.ch\/index.php?rest_route=\/wp\/v2\/pages"}],"about":[{"href":"https:\/\/mv-balgach.ch\/index.php?rest_route=\/wp\/v2\/types\/page"}],"author":[{"embeddable":true,"href":"https:\/\/mv-balgach.ch\/index.php?rest_route=\/wp\/v2\/users\/1"}],"replies":[{"embeddable":true,"href":"https:\/\/mv-balgach.ch\/index.php?rest_route=%2Fwp%2Fv2%2Fcomments&post=9614"}],"version-history":[{"count":3,"href":"https:\/\/mv-balgach.ch\/index.php?rest_route=\/wp\/v2\/pages\/9614\/revisions"}],"predecessor-version":[{"id":11343,"href":"https:\/\/mv-balgach.ch\/index.php?rest_route=\/wp\/v2\/pages\/9614\/revisions\/11343"}],"wp:attachment":[{"href":"https:\/\/mv-balgach.ch\/index.php?rest_route=%2Fwp%2Fv2%2Fmedia&parent=9614"}],"curies":[{"name":"wp","href":"https:\/\/api.w.org\/{rel}","templated":true}]}}