{"id":9702,"date":"2021-07-12T16:57:48","date_gmt":"2021-07-12T14:57:48","guid":{"rendered":"https:\/\/mv-balgach.ch\/?page_id=9702"},"modified":"2021-07-12T16:57:48","modified_gmt":"2021-07-12T14:57:48","slug":"kilbifest-2019","status":"publish","type":"page","link":"https:\/\/mv-balgach.ch\/?page_id=9702","title":{"rendered":"Kilbifest 2019"},"content":{"rendered":"\nngg_shortcode_0_placeholder\n\n\n\n<p>Blasmusikalische Kl\u00e4nge, gem\u00fctliches Beisammensein und traditioneller heisser Beinschinken mit Kartoffelsalat \u2013 der Musikverein Balgach feierte am Sonntag, den 7. Juli 2019 Kilbi.<br><br>Der Fr\u00fchschoppen mit dem Musikverein Konkordia Au konnte die Besucher mit dem B\u00f6hmischen Traum schnell zum Klatschen bringen. Mit den Gallus Musikanten ging es mit dem Programm weiter. Als pl\u00f6tzlich ein Gewitter auf Balgach zusteuerte, musste das Festzelt sofort ger\u00e4umt werden. Zum Gl\u00fcck konnten alle Besucher sicher in die nebenstehende Dorfturnhalle gebracht werden. Als Donner und Blitz vor\u00fcber war, konnte das Fest mit der Jugendmusik und Beginnerband Balgach fortgesetzt werden. Zum Schluss machte Beat grossartige Stimmung und lud zum Tanz ein.<br><br>Leider musste der Musikverein und die Jugendabschied Balgach von den Jugendmusikbetreuern Katja Gasser und Ramona Metzler Abschied nehmen. Der MVB dankt den beiden f\u00fcr den unerm\u00fcdlichen Einsatz. Wir suchen immer noch f\u00fcr einen Ersatz.<br><br>Die Kilbi war auch dieses Jahr ein grosser Erfolg. Der Musikverein Balgach dankt alles Besuchern f\u00fcr ihr Erscheinen.<\/p>\n\n\n\n<p><\/p>\n\n\n\n<p><\/p>\n\n\n\n<p><\/p>\n","protected":false},"excerpt":{"rendered":"<p>Blasmusikalische Kl\u00e4nge, gem\u00fctliches Beisammensein und traditioneller heisser Beinschinken mit Kartoffelsalat \u2013 der Musikverein Balgach feierte am Sonntag, den 7. Juli 2019 Kilbi. Der Fr\u00fchschoppen mit dem Musikverein Konkordia Au konnte die Besucher mit dem B\u00f6hmischen Traum schnell zum Klatschen bringen. Mit den Gallus Musikanten ging es mit dem Programm weiter. Als pl\u00f6tzlich ein Gewitter auf &hellip; <a href=\"https:\/\/mv-balgach.ch\/?page_id=9702\" class=\"more-link\"><span class=\"screen-reader-text\">Kilbifest 2019<\/span> weiterlesen <span class=\"meta-nav\">&rarr;<\/span><\/a><\/p>\n","protected":false},"author":1,"featured_media":0,"parent":7948,"menu_order":4,"comment_status":"closed","ping_status":"closed","template":"","meta":{"ngg_post_thumbnail":0,"footnotes":""},"class_list":["post-9702","page","type-page","status-publish","hentry"],"_links":{"self":[{"href":"https:\/\/mv-balgach.ch\/index.php?rest_route=\/wp\/v2\/pages\/9702","targetHints":{"allow":["GET"]}}],"collection":[{"href":"https:\/\/mv-balgach.ch\/index.php?rest_route=\/wp\/v2\/pages"}],"about":[{"href":"https:\/\/mv-balgach.ch\/index.php?rest_route=\/wp\/v2\/types\/page"}],"author":[{"embeddable":true,"href":"https:\/\/mv-balgach.ch\/index.php?rest_route=\/wp\/v2\/users\/1"}],"replies":[{"embeddable":true,"href":"https:\/\/mv-balgach.ch\/index.php?rest_route=%2Fwp%2Fv2%2Fcomments&post=9702"}],"version-history":[{"count":2,"href":"https:\/\/mv-balgach.ch\/index.php?rest_route=\/wp\/v2\/pages\/9702\/revisions"}],"predecessor-version":[{"id":9704,"href":"https:\/\/mv-balgach.ch\/index.php?rest_route=\/wp\/v2\/pages\/9702\/revisions\/9704"}],"up":[{"embeddable":true,"href":"https:\/\/mv-balgach.ch\/index.php?rest_route=\/wp\/v2\/pages\/7948"}],"wp:attachment":[{"href":"https:\/\/mv-balgach.ch\/index.php?rest_route=%2Fwp%2Fv2%2Fmedia&parent=9702"}],"curies":[{"name":"wp","href":"https:\/\/api.w.org\/{rel}","templated":true}]}}