{"id":9798,"date":"2021-08-23T12:45:23","date_gmt":"2021-08-23T10:45:23","guid":{"rendered":"https:\/\/mv-balgach.ch\/?page_id=9798"},"modified":"2021-08-23T12:50:14","modified_gmt":"2021-08-23T10:50:14","slug":"grill-und-badeplausch-2019","status":"publish","type":"page","link":"https:\/\/mv-balgach.ch\/?page_id=9798","title":{"rendered":"Grill- und Badeplausch 2019"},"content":{"rendered":"ngg_shortcode_0_placeholder\n\n\n\n<p>Ende August trafen sich die Jugend- und Aktivmusikanten des Musikverein Balgach beim Probelokal. Mit dem Velo ging es f\u00fcr beide Corps in Richtung Tratthof. Unser Grillmeister hat bereits eine sch\u00f6ne Glut vorbereitet, so dass die W\u00fcrste auf den Grill gelegt werden konnten.<\/p>\n\n\n\n<p>Dieses Jahr fiel das Baden ins Wasser. Nebst der k\u00fchlen Wassertemperatur des Binnenkanals, war er zudem eine braune Br\u00fche. Stattdessen wurde die Zeit mit spielen und quatschen verbracht.<\/p>\n\n\n\n<p>Bevor sich die Jugendmusik auf den Heimweg machte, wurde ein leckeres Dessert genossen. Der traditionelle Mandelfisch war auch dabei. Nachdem die Jugendmusik ihre sieben Sachen zusammengepackt hatte, ging es f\u00fcr sie heimw\u00e4rts. Die Aktivmusikanten genossen die sommerliche Abendstimmung bei einem Gl\u00e4schen Wein.<\/p>\n","protected":false},"excerpt":{"rendered":"<p>Ende August trafen sich die Jugend- und Aktivmusikanten des Musikverein Balgach beim Probelokal. Mit dem Velo ging es f\u00fcr beide Corps in Richtung Tratthof. Unser Grillmeister hat bereits eine sch\u00f6ne Glut vorbereitet, so dass die W\u00fcrste auf den Grill gelegt werden konnten. Dieses Jahr fiel das Baden ins Wasser. Nebst der k\u00fchlen Wassertemperatur des Binnenkanals, &hellip; <a href=\"https:\/\/mv-balgach.ch\/?page_id=9798\" class=\"more-link\"><span class=\"screen-reader-text\">Grill- und Badeplausch 2019<\/span> weiterlesen <span class=\"meta-nav\">&rarr;<\/span><\/a><\/p>\n","protected":false},"author":1,"featured_media":9065,"parent":9068,"menu_order":98,"comment_status":"closed","ping_status":"closed","template":"","meta":{"ngg_post_thumbnail":0,"footnotes":""},"class_list":["post-9798","page","type-page","status-publish","has-post-thumbnail","hentry"],"_links":{"self":[{"href":"https:\/\/mv-balgach.ch\/index.php?rest_route=\/wp\/v2\/pages\/9798","targetHints":{"allow":["GET"]}}],"collection":[{"href":"https:\/\/mv-balgach.ch\/index.php?rest_route=\/wp\/v2\/pages"}],"about":[{"href":"https:\/\/mv-balgach.ch\/index.php?rest_route=\/wp\/v2\/types\/page"}],"author":[{"embeddable":true,"href":"https:\/\/mv-balgach.ch\/index.php?rest_route=\/wp\/v2\/users\/1"}],"replies":[{"embeddable":true,"href":"https:\/\/mv-balgach.ch\/index.php?rest_route=%2Fwp%2Fv2%2Fcomments&post=9798"}],"version-history":[{"count":2,"href":"https:\/\/mv-balgach.ch\/index.php?rest_route=\/wp\/v2\/pages\/9798\/revisions"}],"predecessor-version":[{"id":9802,"href":"https:\/\/mv-balgach.ch\/index.php?rest_route=\/wp\/v2\/pages\/9798\/revisions\/9802"}],"up":[{"embeddable":true,"href":"https:\/\/mv-balgach.ch\/index.php?rest_route=\/wp\/v2\/pages\/9068"}],"wp:featuredmedia":[{"embeddable":true,"href":"https:\/\/mv-balgach.ch\/index.php?rest_route=\/wp\/v2\/media\/9065"}],"wp:attachment":[{"href":"https:\/\/mv-balgach.ch\/index.php?rest_route=%2Fwp%2Fv2%2Fmedia&parent=9798"}],"curies":[{"name":"wp","href":"https:\/\/api.w.org\/{rel}","templated":true}]}}